{"id":921,"date":"2025-11-12T19:25:45","date_gmt":"2025-11-12T19:25:45","guid":{"rendered":"https:\/\/congopubservice.com\/?page_id=921"},"modified":"2025-11-12T20:36:55","modified_gmt":"2025-11-12T20:36:55","slug":"devenir-membre","status":"publish","type":"page","link":"https:\/\/congopubservice.com\/index.php\/devenir-membre\/","title":{"rendered":"Devenir membre"},"content":{"rendered":"\t\t<div data-elementor-type=\"wp-page\" data-elementor-id=\"921\" class=\"elementor elementor-921\">\n\t\t\t\t<div class=\"elementor-element elementor-element-85181b6 e-flex e-con-boxed e-con e-parent\" data-id=\"85181b6\" data-element_type=\"container\" data-settings=\"{&quot;background_background&quot;:&quot;classic&quot;}\">\n\t\t\t\t\t<div class=\"e-con-inner\">\n\t\t\t\t<div class=\"elementor-element elementor-element-3a1f539 elementor-widget elementor-widget-heading\" data-id=\"3a1f539\" data-element_type=\"widget\" data-widget_type=\"heading.default\">\n\t\t\t\t<div class=\"elementor-widget-container\">\n\t\t\t\t\t<h1 class=\"elementor-heading-title elementor-size-default\">Devenez membre de la communaut\u00e9 Congo pub service : grandir, apprendre et impacter ensemble <\/h1>\t\t\t\t<\/div>\n\t\t\t\t<\/div>\n\t\t\t\t\t<\/div>\n\t\t\t\t<\/div>\n\t\t<div class=\"elementor-element elementor-element-87ebff5 e-flex e-con-boxed e-con e-parent\" data-id=\"87ebff5\" data-element_type=\"container\">\n\t\t\t\t\t<div class=\"e-con-inner\">\n\t\t\t\t<div class=\"elementor-element elementor-element-815cbcb elementor-widget elementor-widget-text-editor\" data-id=\"815cbcb\" data-element_type=\"widget\" data-widget_type=\"text-editor.default\">\n\t\t\t\t<div class=\"elementor-widget-container\">\n\t\t\t\t\t\t\t\t\t<p>Chez Congo pub service, nous croyons en la force du collectif. Derri\u00e8re chaque marque, chaque cr\u00e9ateur, chaque projet, il y a une id\u00e9e, un r\u00eave et une volont\u00e9 de faire avancer le Congo. C&rsquo;est pour soutenir cette \u00e9nergie que nous avons cr\u00e9\u00e9 le programme \u00ab\u00a0Membre Congo pub service\u00a0\u00bb, une communaut\u00e9 dynamique d\u00e9di\u00e9e \u00e0 l&rsquo;apprentissage, \u00e0 la collaboration et au d\u00e9veloppement professionnel.<\/p><ol><li><strong>Pourquoi devenir membre ?<\/strong><\/li><\/ol><p>\u00catre membre de CPS, c&rsquo;est bien plus qu&rsquo;une simple inscription: c&rsquo;est rejoindre un r\u00e9seau de passionn\u00e9s de communication, de marketing digital et d&rsquo;entrepreneuriat qui veulent transformer le paysage \u00e9conomique congolais.<\/p><p>En devenant membre, vous b\u00e9n\u00e9ficiez de:\u00a0<\/p><ul><li>Formations exclusives \u00e0 tarif pr\u00e9f\u00e9rentiel;<\/li><li>Opportunit\u00e9s de collaboration sur des projets locaux et internationaux ;<\/li><li>Accompagnement personnalis\u00e9 pour vos projets de marque;<\/li><li>Visibilit\u00e9 accrue via notre r\u00e9seau digital et nos partenaires;<\/li><li>Acc\u00e8s \u00e0 la communaut\u00e9 CPS (groupe d&rsquo;\u00e9change, ateliers, rencontres ,etc.)<\/li><\/ul><p>\u00a0 <strong>2. \u00a0Pour qui ?<\/strong><\/p><p>Le programme est ouvert aux:<\/p><ul><li>Jeunes professionnels et \u00e9tudiants souhaitant renforcer leurs comp\u00e9tences;<\/li><li>Entrepreneurs qui veulent mieux positionner leur marque;<\/li><li>Cr\u00e9atifs et free-lances \u00e0 la recherche de collaborations;<\/li><li>Entreprises et startups qui souhaitent \u00eatre accompagn\u00e9es dans leur communication.<\/li><\/ul><p>Peu importe votre niveau ou votre parcours, Congo pub service vous aide \u00e0 grandir \u00e0 votre rythme et \u00e0 vous connecter \u00e0 des acteurs cl\u00e9s du secteur.<\/p><p>\u00a0 <strong>3. Une communaut\u00e9, une vision<\/strong><\/p><p>Rejoindre Congo pub service, c&rsquo;est adh\u00e9rer \u00e0 une vision: celle de rendre possible ce qui semble impossible. C&rsquo;est croire que le Made in Congo peut briller \u00e0 travers le professionnalisme, la cr\u00e9ativit\u00e9 et la solidarit\u00e9.\u00a0<\/p><p><em>\u00ab\u00a0Ensemble, nous construisons une nouvelle g\u00e9n\u00e9ration de communicants congolais capables de faire rayonner le pays \u00e0 l&rsquo;international\u00a0\u00bb.<\/em><\/p><p>Rejoignez-nous d\u00e8s aujourd&rsquo;hui !<\/p><p>Faites partie de la communaut\u00e9 Congo pub service et participez \u00e0 la transformation du Made in Congo. Devenez membre, formez-vous, collaborez, et laissez votre empreinte dans l&rsquo;univers du marketing digital congolais.<\/p><p>\u00a0<\/p>\t\t\t\t\t\t\t\t<\/div>\n\t\t\t\t<\/div>\n\t\t\t\t\t<\/div>\n\t\t\t\t<\/div>\n\t\t<div class=\"elementor-element elementor-element-2e12b45 e-flex e-con-boxed e-con e-parent\" data-id=\"2e12b45\" data-element_type=\"container\">\n\t\t\t\t\t<div class=\"e-con-inner\">\n\t\t\t\t<div class=\"elementor-element elementor-element-98854fd elementor-widget elementor-widget-hubspot-form\" data-id=\"98854fd\" data-element_type=\"widget\" data-widget_type=\"hubspot-form.default\">\n\t\t\t\t<div class=\"elementor-widget-container\">\n\t\t\t\t\t\n\t\t\t<div\n\t\t\tclass=\"hs-form-frame\"\n\t\t\tdata-region=\"eu1\"\n\t\t\tdata-form-id=\"566bffb8-56a4-4dd7-a311-885f46014bb7\"\n\t\t\tdata-portal-id=\"147137140\"\n\t\t\t >\n\t\t\t<\/div>\n\t\t\t\t\t\t\t<\/div>\n\t\t\t\t<\/div>\n\t\t\t\t\t<\/div>\n\t\t\t\t<\/div>\n\t\t\t\t<\/div>\n\t\t","protected":false},"excerpt":{"rendered":"<p>Devenez membre de la communaut\u00e9 Congo pub service : grandir, apprendre et impacter ensemble Chez Congo pub service, nous croyons en la force du collectif. Derri\u00e8re chaque marque, chaque cr\u00e9ateur, chaque projet, il y a une id\u00e9e, un r\u00eave et une volont\u00e9 de faire avancer le Congo. C&rsquo;est pour soutenir cette \u00e9nergie que nous avons&#8230;<\/p>\n","protected":false},"author":1,"featured_media":0,"parent":0,"menu_order":0,"comment_status":"closed","ping_status":"closed","template":"","meta":{"content-type":"","_kad_post_transparent":"","_kad_post_title":"hide","_kad_post_layout":"fullwidth","_kad_post_sidebar_id":"","_kad_post_content_style":"unboxed","_kad_post_vertical_padding":"hide","_kad_post_feature":"hide","_kad_post_feature_position":"","_kad_post_header":false,"_kad_post_footer":false,"footnotes":""},"class_list":["post-921","page","type-page","status-publish","hentry"],"yoast_head":"<!-- This site is optimized with the Yoast SEO plugin v26.2 - https:\/\/yoast.com\/wordpress\/plugins\/seo\/ -->\n<title>Devenir membre - Congo pub service<\/title>\n<meta name=\"robots\" content=\"index, follow, max-snippet:-1, max-image-preview:large, max-video-preview:-1\" \/>\n<link rel=\"canonical\" href=\"https:\/\/congopubservice.com\/index.php\/devenir-membre\/\" \/>\n<meta property=\"og:locale\" content=\"fr_FR\" \/>\n<meta property=\"og:type\" content=\"article\" \/>\n<meta property=\"og:title\" content=\"Devenir membre - Congo pub service\" \/>\n<meta property=\"og:description\" content=\"Devenez membre de la communaut\u00e9 Congo pub service : grandir, apprendre et impacter ensemble Chez Congo pub service, nous croyons en la force du collectif. Derri\u00e8re chaque marque, chaque cr\u00e9ateur, chaque projet, il y a une id\u00e9e, un r\u00eave et une volont\u00e9 de faire avancer le Congo. C&rsquo;est pour soutenir cette \u00e9nergie que nous avons...\" \/>\n<meta property=\"og:url\" content=\"https:\/\/congopubservice.com\/index.php\/devenir-membre\/\" \/>\n<meta property=\"og:site_name\" content=\"Congo pub service\" \/>\n<meta property=\"article:publisher\" content=\"https:\/\/web.facebook.com\/profile.php?id=61579789588127\" \/>\n<meta property=\"article:modified_time\" content=\"2025-11-12T20:36:55+00:00\" \/>\n<meta property=\"og:image\" content=\"https:\/\/congopubservice.com\/wp-content\/uploads\/2025\/06\/a-cps-logo-mod.png\" \/>\n\t<meta property=\"og:image:width\" content=\"612\" \/>\n\t<meta property=\"og:image:height\" content=\"792\" \/>\n\t<meta property=\"og:image:type\" content=\"image\/png\" \/>\n<meta name=\"twitter:card\" content=\"summary_large_image\" \/>\n<meta name=\"twitter:label1\" content=\"Dur\u00e9e de lecture estim\u00e9e\" \/>\n\t<meta name=\"twitter:data1\" content=\"1 minute\" \/>\n<script type=\"application\/ld+json\" class=\"yoast-schema-graph\">{\"@context\":\"https:\/\/schema.org\",\"@graph\":[{\"@type\":\"WebPage\",\"@id\":\"https:\/\/congopubservice.com\/index.php\/devenir-membre\/\",\"url\":\"https:\/\/congopubservice.com\/index.php\/devenir-membre\/\",\"name\":\"Devenir membre - Congo pub service\",\"isPartOf\":{\"@id\":\"https:\/\/congopubservice.com\/#website\"},\"datePublished\":\"2025-11-12T19:25:45+00:00\",\"dateModified\":\"2025-11-12T20:36:55+00:00\",\"breadcrumb\":{\"@id\":\"https:\/\/congopubservice.com\/index.php\/devenir-membre\/#breadcrumb\"},\"inLanguage\":\"fr-FR\",\"potentialAction\":[{\"@type\":\"ReadAction\",\"target\":[\"https:\/\/congopubservice.com\/index.php\/devenir-membre\/\"]}]},{\"@type\":\"BreadcrumbList\",\"@id\":\"https:\/\/congopubservice.com\/index.php\/devenir-membre\/#breadcrumb\",\"itemListElement\":[{\"@type\":\"ListItem\",\"position\":1,\"name\":\"Accueil\",\"item\":\"https:\/\/congopubservice.com\/\"},{\"@type\":\"ListItem\",\"position\":2,\"name\":\"Devenir membre\"}]},{\"@type\":\"WebSite\",\"@id\":\"https:\/\/congopubservice.com\/#website\",\"url\":\"https:\/\/congopubservice.com\/\",\"name\":\"Congo pub service\",\"description\":\"&quot;plus qu&#039;une agence, un levier de croissance&quot;\",\"publisher\":{\"@id\":\"https:\/\/congopubservice.com\/#organization\"},\"potentialAction\":[{\"@type\":\"SearchAction\",\"target\":{\"@type\":\"EntryPoint\",\"urlTemplate\":\"https:\/\/congopubservice.com\/?s={search_term_string}\"},\"query-input\":{\"@type\":\"PropertyValueSpecification\",\"valueRequired\":true,\"valueName\":\"search_term_string\"}}],\"inLanguage\":\"fr-FR\"},{\"@type\":\"Organization\",\"@id\":\"https:\/\/congopubservice.com\/#organization\",\"name\":\"Congo pub service\",\"url\":\"https:\/\/congopubservice.com\/\",\"logo\":{\"@type\":\"ImageObject\",\"inLanguage\":\"fr-FR\",\"@id\":\"https:\/\/congopubservice.com\/#\/schema\/logo\/image\/\",\"url\":\"https:\/\/congopubservice.com\/wp-content\/uploads\/2025\/06\/a-cps-logo-mod.png\",\"contentUrl\":\"https:\/\/congopubservice.com\/wp-content\/uploads\/2025\/06\/a-cps-logo-mod.png\",\"width\":612,\"height\":792,\"caption\":\"Congo pub service\"},\"image\":{\"@id\":\"https:\/\/congopubservice.com\/#\/schema\/logo\/image\/\"},\"sameAs\":[\"https:\/\/web.facebook.com\/profile.php?id=61579789588127\",\"https:\/\/www.linkedin.com\/feed\/\"]}]}<\/script>\n<!-- \/ Yoast SEO plugin. -->","yoast_head_json":{"title":"Devenir membre - Congo pub service","robots":{"index":"index","follow":"follow","max-snippet":"max-snippet:-1","max-image-preview":"max-image-preview:large","max-video-preview":"max-video-preview:-1"},"canonical":"https:\/\/congopubservice.com\/index.php\/devenir-membre\/","og_locale":"fr_FR","og_type":"article","og_title":"Devenir membre - Congo pub service","og_description":"Devenez membre de la communaut\u00e9 Congo pub service : grandir, apprendre et impacter ensemble Chez Congo pub service, nous croyons en la force du collectif. Derri\u00e8re chaque marque, chaque cr\u00e9ateur, chaque projet, il y a une id\u00e9e, un r\u00eave et une volont\u00e9 de faire avancer le Congo. C&rsquo;est pour soutenir cette \u00e9nergie que nous avons...","og_url":"https:\/\/congopubservice.com\/index.php\/devenir-membre\/","og_site_name":"Congo pub service","article_publisher":"https:\/\/web.facebook.com\/profile.php?id=61579789588127","article_modified_time":"2025-11-12T20:36:55+00:00","og_image":[{"width":612,"height":792,"url":"https:\/\/congopubservice.com\/wp-content\/uploads\/2025\/06\/a-cps-logo-mod.png","type":"image\/png"}],"twitter_card":"summary_large_image","twitter_misc":{"Dur\u00e9e de lecture estim\u00e9e":"1 minute"},"schema":{"@context":"https:\/\/schema.org","@graph":[{"@type":"WebPage","@id":"https:\/\/congopubservice.com\/index.php\/devenir-membre\/","url":"https:\/\/congopubservice.com\/index.php\/devenir-membre\/","name":"Devenir membre - Congo pub service","isPartOf":{"@id":"https:\/\/congopubservice.com\/#website"},"datePublished":"2025-11-12T19:25:45+00:00","dateModified":"2025-11-12T20:36:55+00:00","breadcrumb":{"@id":"https:\/\/congopubservice.com\/index.php\/devenir-membre\/#breadcrumb"},"inLanguage":"fr-FR","potentialAction":[{"@type":"ReadAction","target":["https:\/\/congopubservice.com\/index.php\/devenir-membre\/"]}]},{"@type":"BreadcrumbList","@id":"https:\/\/congopubservice.com\/index.php\/devenir-membre\/#breadcrumb","itemListElement":[{"@type":"ListItem","position":1,"name":"Accueil","item":"https:\/\/congopubservice.com\/"},{"@type":"ListItem","position":2,"name":"Devenir membre"}]},{"@type":"WebSite","@id":"https:\/\/congopubservice.com\/#website","url":"https:\/\/congopubservice.com\/","name":"Congo pub service","description":"&quot;plus qu&#039;une agence, un levier de croissance&quot;","publisher":{"@id":"https:\/\/congopubservice.com\/#organization"},"potentialAction":[{"@type":"SearchAction","target":{"@type":"EntryPoint","urlTemplate":"https:\/\/congopubservice.com\/?s={search_term_string}"},"query-input":{"@type":"PropertyValueSpecification","valueRequired":true,"valueName":"search_term_string"}}],"inLanguage":"fr-FR"},{"@type":"Organization","@id":"https:\/\/congopubservice.com\/#organization","name":"Congo pub service","url":"https:\/\/congopubservice.com\/","logo":{"@type":"ImageObject","inLanguage":"fr-FR","@id":"https:\/\/congopubservice.com\/#\/schema\/logo\/image\/","url":"https:\/\/congopubservice.com\/wp-content\/uploads\/2025\/06\/a-cps-logo-mod.png","contentUrl":"https:\/\/congopubservice.com\/wp-content\/uploads\/2025\/06\/a-cps-logo-mod.png","width":612,"height":792,"caption":"Congo pub service"},"image":{"@id":"https:\/\/congopubservice.com\/#\/schema\/logo\/image\/"},"sameAs":["https:\/\/web.facebook.com\/profile.php?id=61579789588127","https:\/\/www.linkedin.com\/feed\/"]}]}},"_links":{"self":[{"href":"https:\/\/congopubservice.com\/index.php\/wp-json\/wp\/v2\/pages\/921","targetHints":{"allow":["GET"]}}],"collection":[{"href":"https:\/\/congopubservice.com\/index.php\/wp-json\/wp\/v2\/pages"}],"about":[{"href":"https:\/\/congopubservice.com\/index.php\/wp-json\/wp\/v2\/types\/page"}],"author":[{"embeddable":true,"href":"https:\/\/congopubservice.com\/index.php\/wp-json\/wp\/v2\/users\/1"}],"replies":[{"embeddable":true,"href":"https:\/\/congopubservice.com\/index.php\/wp-json\/wp\/v2\/comments?post=921"}],"version-history":[{"count":10,"href":"https:\/\/congopubservice.com\/index.php\/wp-json\/wp\/v2\/pages\/921\/revisions"}],"predecessor-version":[{"id":937,"href":"https:\/\/congopubservice.com\/index.php\/wp-json\/wp\/v2\/pages\/921\/revisions\/937"}],"wp:attachment":[{"href":"https:\/\/congopubservice.com\/index.php\/wp-json\/wp\/v2\/media?parent=921"}],"curies":[{"name":"wp","href":"https:\/\/api.w.org\/{rel}","templated":true}]}}