{"id":825,"date":"2025-11-04T21:32:01","date_gmt":"2025-11-04T21:32:01","guid":{"rendered":"https:\/\/congopubservice.com\/?page_id=825"},"modified":"2025-11-12T18:50:19","modified_gmt":"2025-11-12T18:50:19","slug":"notre-vision","status":"publish","type":"page","link":"https:\/\/congopubservice.com\/index.php\/notre-vision\/","title":{"rendered":"Notre vision"},"content":{"rendered":"\t\t<div data-elementor-type=\"wp-page\" data-elementor-id=\"825\" class=\"elementor elementor-825\">\n\t\t\t\t<div class=\"elementor-element elementor-element-912e56e e-flex e-con-boxed e-con e-parent\" data-id=\"912e56e\" data-element_type=\"container\">\n\t\t\t\t\t<div class=\"e-con-inner\">\n\t\t\t\t<div class=\"elementor-element elementor-element-fb89458 elementor-widget elementor-widget-heading\" data-id=\"fb89458\" data-element_type=\"widget\" data-widget_type=\"heading.default\">\n\t\t\t\t<div class=\"elementor-widget-container\">\n\t\t\t\t\t<h1 class=\"elementor-heading-title elementor-size-default\">Notre vision<\/h1>\t\t\t\t<\/div>\n\t\t\t\t<\/div>\n\t\t\t\t\t<\/div>\n\t\t\t\t<\/div>\n\t\t<div class=\"elementor-element elementor-element-f308e80 e-flex e-con-boxed e-con e-parent\" data-id=\"f308e80\" data-element_type=\"container\" data-settings=\"{&quot;background_background&quot;:&quot;classic&quot;}\">\n\t\t\t\t\t<div class=\"e-con-inner\">\n\t\t\t\t\t<\/div>\n\t\t\t\t<\/div>\n\t\t<div class=\"elementor-element elementor-element-5fa9211 e-flex e-con-boxed e-con e-parent\" data-id=\"5fa9211\" data-element_type=\"container\">\n\t\t\t\t\t<div class=\"e-con-inner\">\n\t\t\t\t<div class=\"elementor-element elementor-element-47112e6 elementor-widget elementor-widget-heading\" data-id=\"47112e6\" data-element_type=\"widget\" data-widget_type=\"heading.default\">\n\t\t\t\t<div class=\"elementor-widget-container\">\n\t\t\t\t\t<h2 class=\"elementor-heading-title elementor-size-default\">Construire, grandir et rayonner \u00e0 partir du Congo<\/h2>\t\t\t\t<\/div>\n\t\t\t\t<\/div>\n\t\t\t\t<div class=\"elementor-element elementor-element-5ef6095 elementor-widget elementor-widget-text-editor\" data-id=\"5ef6095\" data-element_type=\"widget\" data-widget_type=\"text-editor.default\">\n\t\t\t\t<div class=\"elementor-widget-container\">\n\t\t\t\t\t\t\t\t\t<p>Chez Congo pub service, notre vision ne se limite pas \u00e0 une simple ambition : c&rsquo;est un v\u00e9ritable chemin de croissance que nous tra\u00e7ons pour faire de la cr\u00e9ativit\u00e9 congolaise une force reconnue ici et ailleurs.\u00a0<\/p><p>Nous croyons qu&rsquo;en structurant solidement nos bases aujourd&rsquo;hui, nous pr\u00e9parons un avenir o\u00f9 le \u00ab\u00a0Made in Congo\u00a0\u00bb sera synonyme de qualit\u00e9, d&rsquo;innovation et de fiert\u00e9.<\/p><p>\u00a0<\/p>\t\t\t\t\t\t\t\t<\/div>\n\t\t\t\t<\/div>\n\t\t\t\t<div class=\"elementor-element elementor-element-c55b393 elementor-widget elementor-widget-image\" data-id=\"c55b393\" data-element_type=\"widget\" data-widget_type=\"image.default\">\n\t\t\t\t<div class=\"elementor-widget-container\">\n\t\t\t\t\t\t\t\t\t\t\t\t\t\t\t<img fetchpriority=\"high\" decoding=\"async\" width=\"2048\" height=\"1463\" src=\"https:\/\/congopubservice.com\/wp-content\/uploads\/2025\/11\/a-cps-form-2048x1463.jpg\" class=\"attachment-2048x2048 size-2048x2048 wp-image-904\" alt=\"\" srcset=\"https:\/\/congopubservice.com\/wp-content\/uploads\/2025\/11\/a-cps-form-2048x1463.jpg 2048w, https:\/\/congopubservice.com\/wp-content\/uploads\/2025\/11\/a-cps-form-300x214.jpg 300w, https:\/\/congopubservice.com\/wp-content\/uploads\/2025\/11\/a-cps-form-1024x732.jpg 1024w, https:\/\/congopubservice.com\/wp-content\/uploads\/2025\/11\/a-cps-form-768x549.jpg 768w, https:\/\/congopubservice.com\/wp-content\/uploads\/2025\/11\/a-cps-form-1536x1097.jpg 1536w\" sizes=\"(max-width: 2048px) 100vw, 2048px\" \/>\t\t\t\t\t\t\t\t\t\t\t\t\t\t\t<\/div>\n\t\t\t\t<\/div>\n\t\t\t\t<div class=\"elementor-element elementor-element-f71366b elementor-widget elementor-widget-heading\" data-id=\"f71366b\" data-element_type=\"widget\" data-widget_type=\"heading.default\">\n\t\t\t\t<div class=\"elementor-widget-container\">\n\t\t\t\t\t<h3 class=\"elementor-heading-title elementor-size-default\">Phase 1: 2025, structuration et consolidation<\/h3>\t\t\t\t<\/div>\n\t\t\t\t<\/div>\n\t\t\t\t<div class=\"elementor-element elementor-element-0b9dc36 elementor-widget elementor-widget-text-editor\" data-id=\"0b9dc36\" data-element_type=\"widget\" data-widget_type=\"text-editor.default\">\n\t\t\t\t<div class=\"elementor-widget-container\">\n\t\t\t\t\t\t\t\t\t<p>L&rsquo;ann\u00e9e 2025 marque une \u00e9tape d\u00e9cisive: consolider nos fondations. Cette phase est consacr\u00e9e \u00e0 la structuration interne de CPS et \u00e0 la mise en place de notre pr\u00e9sence digitale.<\/p><p>Nous renfor\u00e7ons notre identit\u00e9 de marque, notre offre de services et notre positionnement comme agence 100% congolaise tourn\u00e9e vers l&rsquo;innovation et l&rsquo;excellence.\u00a0<\/p><p>Objectif: b\u00e2tir des bases solides pour accueillir une croissance durable et coh\u00e9rente.\u00a0<\/p>\t\t\t\t\t\t\t\t<\/div>\n\t\t\t\t<\/div>\n\t\t\t\t<div class=\"elementor-element elementor-element-5d064a1 elementor-widget elementor-widget-heading\" data-id=\"5d064a1\" data-element_type=\"widget\" data-widget_type=\"heading.default\">\n\t\t\t\t<div class=\"elementor-widget-container\">\n\t\t\t\t\t<h3 class=\"elementor-heading-title elementor-size-default\">Phase 2: 2026-2027 Croissance et accompagnement <\/h3>\t\t\t\t<\/div>\n\t\t\t\t<\/div>\n\t\t\t\t<div class=\"elementor-element elementor-element-6ed7f46 elementor-widget elementor-widget-text-editor\" data-id=\"6ed7f46\" data-element_type=\"widget\" data-widget_type=\"text-editor.default\">\n\t\t\t\t<div class=\"elementor-widget-container\">\n\t\t\t\t\t\t\t\t\t<p>\u00c0 partir de 2026, CPS entre dans sa phase de croissance.\u00a0<\/p><p>Notre ambition: accompagner au moins 50 entreprises congolaises dans leur transformation digitale et leur strat\u00e9gie de communication.\u00a0<\/p><p>Nous voulons \u00eatre le partenaire de confiance des PME et startups qui souhaitent d\u00e9velopper leur image, leur visibilit\u00e9 et leur impact sur le march\u00e9. \u00c0 travers nos services : marketing digital, branding, production de contenu, design et formation, nous \u0153uvrons \u00e0 \u00e9lever le niveau de la communication au Congo et \u00e0 cr\u00e9er une v\u00e9ritable culture de marque locale.<\/p>\t\t\t\t\t\t\t\t<\/div>\n\t\t\t\t<\/div>\n\t\t\t\t<div class=\"elementor-element elementor-element-898665c elementor-widget elementor-widget-image\" data-id=\"898665c\" data-element_type=\"widget\" data-widget_type=\"image.default\">\n\t\t\t\t<div class=\"elementor-widget-container\">\n\t\t\t\t\t\t\t\t\t\t\t\t\t\t\t<img decoding=\"async\" width=\"1536\" height=\"1097\" src=\"https:\/\/congopubservice.com\/wp-content\/uploads\/2025\/11\/ajout-vision-2-1536x1097.jpg\" class=\"attachment-1536x1536 size-1536x1536 wp-image-912\" alt=\"\" srcset=\"https:\/\/congopubservice.com\/wp-content\/uploads\/2025\/11\/ajout-vision-2-1536x1097.jpg 1536w, https:\/\/congopubservice.com\/wp-content\/uploads\/2025\/11\/ajout-vision-2-300x214.jpg 300w, https:\/\/congopubservice.com\/wp-content\/uploads\/2025\/11\/ajout-vision-2-1024x732.jpg 1024w, https:\/\/congopubservice.com\/wp-content\/uploads\/2025\/11\/ajout-vision-2-768x549.jpg 768w, https:\/\/congopubservice.com\/wp-content\/uploads\/2025\/11\/ajout-vision-2-2048x1463.jpg 2048w\" sizes=\"(max-width: 1536px) 100vw, 1536px\" \/>\t\t\t\t\t\t\t\t\t\t\t\t\t\t\t<\/div>\n\t\t\t\t<\/div>\n\t\t\t\t<div class=\"elementor-element elementor-element-d7d764d elementor-widget elementor-widget-heading\" data-id=\"d7d764d\" data-element_type=\"widget\" data-widget_type=\"heading.default\">\n\t\t\t\t<div class=\"elementor-widget-container\">\n\t\t\t\t\t<h3 class=\"elementor-heading-title elementor-size-default\">Phase 3: 2028-2030 Rayonnement et influence internationale<\/h3>\t\t\t\t<\/div>\n\t\t\t\t<\/div>\n\t\t\t\t<div class=\"elementor-element elementor-element-b600551 elementor-widget elementor-widget-text-editor\" data-id=\"b600551\" data-element_type=\"widget\" data-widget_type=\"text-editor.default\">\n\t\t\t\t<div class=\"elementor-widget-container\">\n\t\t\t\t\t\t\t\t\t<p>Entre 2028 et 2030, notre objectif est clair: faire de Congo pub service une r\u00e9f\u00e9rence en Afrique centrale et \u00e0 l&rsquo;international. Nous souhaitons porter haut le drapeau du \u00ab\u00a0Made in Congo\u00a0\u00bb, en collaborant avec des organisations internationales, ONG et marques mondiales d\u00e9sireuses d&rsquo;investir en RDC.<\/p><p>CPS se positionnera comme ambassadeur du savoir faire congolais, un acteur de pont entre la cr\u00e9ativit\u00e9 locale et les standards internationaux.<\/p><p>Une vision tourn\u00e9e vers l&rsquo;excellence et l&rsquo;impact. Notre vision n&rsquo;est pas seulement une projection, mais un engagement :<\/p><ul><li>Cr\u00e9er un \u00e9cosyst\u00e8me o\u00f9 les talents congolais trouvent leur place;<\/li><li>Promouvoir des marques locales comp\u00e9titives sur le march\u00e9 mondial;<\/li><li>Inspirer une nouvelle g\u00e9n\u00e9ration d&rsquo;entrepreneurs et de communicants africains.\u00a0<\/li><\/ul>\t\t\t\t\t\t\t\t<\/div>\n\t\t\t\t<\/div>\n\t\t\t\t<div class=\"elementor-element elementor-element-9e1cfbd elementor-widget elementor-widget-text-editor\" data-id=\"9e1cfbd\" data-element_type=\"widget\" data-widget_type=\"text-editor.default\">\n\t\t\t\t<div class=\"elementor-widget-container\">\n\t\t\t\t\t\t\t\t\t<p>Congo Pub Service, c&rsquo;est plus qu&rsquo;une agence: c&rsquo;est une vision en action. Ensemble, rendre possible ce qui semble impossible et b\u00e2tir un futur o\u00f9 le Congo brille \u00e0 travers la communication, la cr\u00e9ativit\u00e9 et l&rsquo;innovation.<\/p>\t\t\t\t\t\t\t\t<\/div>\n\t\t\t\t<\/div>\n\t\t\t\t\t<\/div>\n\t\t\t\t<\/div>\n\t\t\t\t<\/div>\n\t\t","protected":false},"excerpt":{"rendered":"<p>Notre vision Construire, grandir et rayonner \u00e0 partir du Congo Chez Congo pub service, notre vision ne se limite pas \u00e0 une simple ambition : c&rsquo;est un v\u00e9ritable chemin de croissance que nous tra\u00e7ons pour faire de la cr\u00e9ativit\u00e9 congolaise une force reconnue ici et ailleurs.\u00a0 Nous croyons qu&rsquo;en structurant solidement nos bases aujourd&rsquo;hui, nous&#8230;<\/p>\n","protected":false},"author":1,"featured_media":0,"parent":0,"menu_order":0,"comment_status":"closed","ping_status":"closed","template":"","meta":{"content-type":"","_kad_post_transparent":"","_kad_post_title":"hide","_kad_post_layout":"fullwidth","_kad_post_sidebar_id":"","_kad_post_content_style":"unboxed","_kad_post_vertical_padding":"hide","_kad_post_feature":"hide","_kad_post_feature_position":"","_kad_post_header":false,"_kad_post_footer":false,"footnotes":""},"class_list":["post-825","page","type-page","status-publish","hentry"],"yoast_head":"<!-- This site is optimized with the Yoast SEO plugin v26.2 - https:\/\/yoast.com\/wordpress\/plugins\/seo\/ -->\n<title>Notre vision - Congo pub service<\/title>\n<meta name=\"robots\" content=\"index, follow, max-snippet:-1, max-image-preview:large, max-video-preview:-1\" \/>\n<link rel=\"canonical\" href=\"https:\/\/congopubservice.com\/index.php\/notre-vision\/\" \/>\n<meta property=\"og:locale\" content=\"fr_FR\" \/>\n<meta property=\"og:type\" content=\"article\" \/>\n<meta property=\"og:title\" content=\"Notre vision - Congo pub service\" \/>\n<meta property=\"og:description\" content=\"Notre vision Construire, grandir et rayonner \u00e0 partir du Congo Chez Congo pub service, notre vision ne se limite pas \u00e0 une simple ambition : c&rsquo;est un v\u00e9ritable chemin de croissance que nous tra\u00e7ons pour faire de la cr\u00e9ativit\u00e9 congolaise une force reconnue ici et ailleurs.\u00a0 Nous croyons qu&rsquo;en structurant solidement nos bases aujourd&rsquo;hui, nous...\" \/>\n<meta property=\"og:url\" content=\"https:\/\/congopubservice.com\/index.php\/notre-vision\/\" \/>\n<meta property=\"og:site_name\" content=\"Congo pub service\" \/>\n<meta property=\"article:publisher\" content=\"https:\/\/web.facebook.com\/profile.php?id=61579789588127\" \/>\n<meta property=\"article:modified_time\" content=\"2025-11-12T18:50:19+00:00\" \/>\n<meta property=\"og:image\" content=\"https:\/\/congopubservice.com\/wp-content\/uploads\/2025\/11\/a-cps-form.jpg\" \/>\n\t<meta property=\"og:image:width\" content=\"2480\" \/>\n\t<meta property=\"og:image:height\" content=\"1772\" \/>\n\t<meta property=\"og:image:type\" content=\"image\/jpeg\" \/>\n<meta name=\"twitter:card\" content=\"summary_large_image\" \/>\n<meta name=\"twitter:label1\" content=\"Dur\u00e9e de lecture estim\u00e9e\" \/>\n\t<meta name=\"twitter:data1\" content=\"3 minutes\" \/>\n<script type=\"application\/ld+json\" class=\"yoast-schema-graph\">{\"@context\":\"https:\/\/schema.org\",\"@graph\":[{\"@type\":\"WebPage\",\"@id\":\"https:\/\/congopubservice.com\/index.php\/notre-vision\/\",\"url\":\"https:\/\/congopubservice.com\/index.php\/notre-vision\/\",\"name\":\"Notre vision - Congo pub service\",\"isPartOf\":{\"@id\":\"https:\/\/congopubservice.com\/#website\"},\"primaryImageOfPage\":{\"@id\":\"https:\/\/congopubservice.com\/index.php\/notre-vision\/#primaryimage\"},\"image\":{\"@id\":\"https:\/\/congopubservice.com\/index.php\/notre-vision\/#primaryimage\"},\"thumbnailUrl\":\"https:\/\/congopubservice.com\/wp-content\/uploads\/2025\/11\/a-cps-form-2048x1463.jpg\",\"datePublished\":\"2025-11-04T21:32:01+00:00\",\"dateModified\":\"2025-11-12T18:50:19+00:00\",\"breadcrumb\":{\"@id\":\"https:\/\/congopubservice.com\/index.php\/notre-vision\/#breadcrumb\"},\"inLanguage\":\"fr-FR\",\"potentialAction\":[{\"@type\":\"ReadAction\",\"target\":[\"https:\/\/congopubservice.com\/index.php\/notre-vision\/\"]}]},{\"@type\":\"ImageObject\",\"inLanguage\":\"fr-FR\",\"@id\":\"https:\/\/congopubservice.com\/index.php\/notre-vision\/#primaryimage\",\"url\":\"https:\/\/congopubservice.com\/wp-content\/uploads\/2025\/11\/a-cps-form.jpg\",\"contentUrl\":\"https:\/\/congopubservice.com\/wp-content\/uploads\/2025\/11\/a-cps-form.jpg\",\"width\":2480,\"height\":1772},{\"@type\":\"BreadcrumbList\",\"@id\":\"https:\/\/congopubservice.com\/index.php\/notre-vision\/#breadcrumb\",\"itemListElement\":[{\"@type\":\"ListItem\",\"position\":1,\"name\":\"Accueil\",\"item\":\"https:\/\/congopubservice.com\/\"},{\"@type\":\"ListItem\",\"position\":2,\"name\":\"Notre vision\"}]},{\"@type\":\"WebSite\",\"@id\":\"https:\/\/congopubservice.com\/#website\",\"url\":\"https:\/\/congopubservice.com\/\",\"name\":\"Congo pub service\",\"description\":\"&quot;plus qu&#039;une agence, un levier de croissance&quot;\",\"publisher\":{\"@id\":\"https:\/\/congopubservice.com\/#organization\"},\"potentialAction\":[{\"@type\":\"SearchAction\",\"target\":{\"@type\":\"EntryPoint\",\"urlTemplate\":\"https:\/\/congopubservice.com\/?s={search_term_string}\"},\"query-input\":{\"@type\":\"PropertyValueSpecification\",\"valueRequired\":true,\"valueName\":\"search_term_string\"}}],\"inLanguage\":\"fr-FR\"},{\"@type\":\"Organization\",\"@id\":\"https:\/\/congopubservice.com\/#organization\",\"name\":\"Congo pub service\",\"url\":\"https:\/\/congopubservice.com\/\",\"logo\":{\"@type\":\"ImageObject\",\"inLanguage\":\"fr-FR\",\"@id\":\"https:\/\/congopubservice.com\/#\/schema\/logo\/image\/\",\"url\":\"https:\/\/congopubservice.com\/wp-content\/uploads\/2025\/06\/a-cps-logo-mod.png\",\"contentUrl\":\"https:\/\/congopubservice.com\/wp-content\/uploads\/2025\/06\/a-cps-logo-mod.png\",\"width\":612,\"height\":792,\"caption\":\"Congo pub service\"},\"image\":{\"@id\":\"https:\/\/congopubservice.com\/#\/schema\/logo\/image\/\"},\"sameAs\":[\"https:\/\/web.facebook.com\/profile.php?id=61579789588127\",\"https:\/\/www.linkedin.com\/feed\/\"]}]}<\/script>\n<!-- \/ Yoast SEO plugin. -->","yoast_head_json":{"title":"Notre vision - Congo pub service","robots":{"index":"index","follow":"follow","max-snippet":"max-snippet:-1","max-image-preview":"max-image-preview:large","max-video-preview":"max-video-preview:-1"},"canonical":"https:\/\/congopubservice.com\/index.php\/notre-vision\/","og_locale":"fr_FR","og_type":"article","og_title":"Notre vision - Congo pub service","og_description":"Notre vision Construire, grandir et rayonner \u00e0 partir du Congo Chez Congo pub service, notre vision ne se limite pas \u00e0 une simple ambition : c&rsquo;est un v\u00e9ritable chemin de croissance que nous tra\u00e7ons pour faire de la cr\u00e9ativit\u00e9 congolaise une force reconnue ici et ailleurs.\u00a0 Nous croyons qu&rsquo;en structurant solidement nos bases aujourd&rsquo;hui, nous...","og_url":"https:\/\/congopubservice.com\/index.php\/notre-vision\/","og_site_name":"Congo pub service","article_publisher":"https:\/\/web.facebook.com\/profile.php?id=61579789588127","article_modified_time":"2025-11-12T18:50:19+00:00","og_image":[{"width":2480,"height":1772,"url":"https:\/\/congopubservice.com\/wp-content\/uploads\/2025\/11\/a-cps-form.jpg","type":"image\/jpeg"}],"twitter_card":"summary_large_image","twitter_misc":{"Dur\u00e9e de lecture estim\u00e9e":"3 minutes"},"schema":{"@context":"https:\/\/schema.org","@graph":[{"@type":"WebPage","@id":"https:\/\/congopubservice.com\/index.php\/notre-vision\/","url":"https:\/\/congopubservice.com\/index.php\/notre-vision\/","name":"Notre vision - Congo pub service","isPartOf":{"@id":"https:\/\/congopubservice.com\/#website"},"primaryImageOfPage":{"@id":"https:\/\/congopubservice.com\/index.php\/notre-vision\/#primaryimage"},"image":{"@id":"https:\/\/congopubservice.com\/index.php\/notre-vision\/#primaryimage"},"thumbnailUrl":"https:\/\/congopubservice.com\/wp-content\/uploads\/2025\/11\/a-cps-form-2048x1463.jpg","datePublished":"2025-11-04T21:32:01+00:00","dateModified":"2025-11-12T18:50:19+00:00","breadcrumb":{"@id":"https:\/\/congopubservice.com\/index.php\/notre-vision\/#breadcrumb"},"inLanguage":"fr-FR","potentialAction":[{"@type":"ReadAction","target":["https:\/\/congopubservice.com\/index.php\/notre-vision\/"]}]},{"@type":"ImageObject","inLanguage":"fr-FR","@id":"https:\/\/congopubservice.com\/index.php\/notre-vision\/#primaryimage","url":"https:\/\/congopubservice.com\/wp-content\/uploads\/2025\/11\/a-cps-form.jpg","contentUrl":"https:\/\/congopubservice.com\/wp-content\/uploads\/2025\/11\/a-cps-form.jpg","width":2480,"height":1772},{"@type":"BreadcrumbList","@id":"https:\/\/congopubservice.com\/index.php\/notre-vision\/#breadcrumb","itemListElement":[{"@type":"ListItem","position":1,"name":"Accueil","item":"https:\/\/congopubservice.com\/"},{"@type":"ListItem","position":2,"name":"Notre vision"}]},{"@type":"WebSite","@id":"https:\/\/congopubservice.com\/#website","url":"https:\/\/congopubservice.com\/","name":"Congo pub service","description":"&quot;plus qu&#039;une agence, un levier de croissance&quot;","publisher":{"@id":"https:\/\/congopubservice.com\/#organization"},"potentialAction":[{"@type":"SearchAction","target":{"@type":"EntryPoint","urlTemplate":"https:\/\/congopubservice.com\/?s={search_term_string}"},"query-input":{"@type":"PropertyValueSpecification","valueRequired":true,"valueName":"search_term_string"}}],"inLanguage":"fr-FR"},{"@type":"Organization","@id":"https:\/\/congopubservice.com\/#organization","name":"Congo pub service","url":"https:\/\/congopubservice.com\/","logo":{"@type":"ImageObject","inLanguage":"fr-FR","@id":"https:\/\/congopubservice.com\/#\/schema\/logo\/image\/","url":"https:\/\/congopubservice.com\/wp-content\/uploads\/2025\/06\/a-cps-logo-mod.png","contentUrl":"https:\/\/congopubservice.com\/wp-content\/uploads\/2025\/06\/a-cps-logo-mod.png","width":612,"height":792,"caption":"Congo pub service"},"image":{"@id":"https:\/\/congopubservice.com\/#\/schema\/logo\/image\/"},"sameAs":["https:\/\/web.facebook.com\/profile.php?id=61579789588127","https:\/\/www.linkedin.com\/feed\/"]}]}},"_links":{"self":[{"href":"https:\/\/congopubservice.com\/index.php\/wp-json\/wp\/v2\/pages\/825","targetHints":{"allow":["GET"]}}],"collection":[{"href":"https:\/\/congopubservice.com\/index.php\/wp-json\/wp\/v2\/pages"}],"about":[{"href":"https:\/\/congopubservice.com\/index.php\/wp-json\/wp\/v2\/types\/page"}],"author":[{"embeddable":true,"href":"https:\/\/congopubservice.com\/index.php\/wp-json\/wp\/v2\/users\/1"}],"replies":[{"embeddable":true,"href":"https:\/\/congopubservice.com\/index.php\/wp-json\/wp\/v2\/comments?post=825"}],"version-history":[{"count":22,"href":"https:\/\/congopubservice.com\/index.php\/wp-json\/wp\/v2\/pages\/825\/revisions"}],"predecessor-version":[{"id":915,"href":"https:\/\/congopubservice.com\/index.php\/wp-json\/wp\/v2\/pages\/825\/revisions\/915"}],"wp:attachment":[{"href":"https:\/\/congopubservice.com\/index.php\/wp-json\/wp\/v2\/media?parent=825"}],"curies":[{"name":"wp","href":"https:\/\/api.w.org\/{rel}","templated":true}]}}