{"id":805,"date":"2025-11-04T18:55:51","date_gmt":"2025-11-04T18:55:51","guid":{"rendered":"https:\/\/congopubservice.com\/?page_id=805"},"modified":"2025-11-04T19:45:19","modified_gmt":"2025-11-04T19:45:19","slug":"importance-dune-presence-en-ligne","status":"publish","type":"page","link":"https:\/\/congopubservice.com\/index.php\/importance-dune-presence-en-ligne\/","title":{"rendered":"Importance d&rsquo;une pr\u00e9sence en ligne"},"content":{"rendered":"\t\t<div data-elementor-type=\"wp-page\" data-elementor-id=\"805\" class=\"elementor elementor-805\">\n\t\t\t\t<div class=\"elementor-element elementor-element-eff809b e-flex e-con-boxed e-con e-parent\" data-id=\"eff809b\" data-element_type=\"container\">\n\t\t\t\t\t<div class=\"e-con-inner\">\n\t\t\t\t<div class=\"elementor-element elementor-element-7c2c2f4 elementor-widget elementor-widget-heading\" data-id=\"7c2c2f4\" data-element_type=\"widget\" data-widget_type=\"heading.default\">\n\t\t\t\t<div class=\"elementor-widget-container\">\n\t\t\t\t\t<h1 class=\"elementor-heading-title elementor-size-default\">Importance d'une pr\u00e9sence en ligne<\/h1>\t\t\t\t<\/div>\n\t\t\t\t<\/div>\n\t\t\t\t\t<\/div>\n\t\t\t\t<\/div>\n\t\t<div class=\"elementor-element elementor-element-0da10d3 e-flex e-con-boxed e-con e-parent\" data-id=\"0da10d3\" data-element_type=\"container\" data-settings=\"{&quot;background_background&quot;:&quot;classic&quot;}\">\n\t\t\t\t\t<div class=\"e-con-inner\">\n\t\t\t\t\t<\/div>\n\t\t\t\t<\/div>\n\t\t<div class=\"elementor-element elementor-element-bbc4004 e-flex e-con-boxed e-con e-parent\" data-id=\"bbc4004\" data-element_type=\"container\">\n\t\t\t\t\t<div class=\"e-con-inner\">\n\t\t\t\t<div class=\"elementor-element elementor-element-f4f2b4d elementor-widget elementor-widget-heading\" data-id=\"f4f2b4d\" data-element_type=\"widget\" data-widget_type=\"heading.default\">\n\t\t\t\t<div class=\"elementor-widget-container\">\n\t\t\t\t\t<h2 class=\"elementor-heading-title elementor-size-default\">Pourquoi la pr\u00e9sence en ligne est essentielle pour les PME congolaises ?<\/h2>\t\t\t\t<\/div>\n\t\t\t\t<\/div>\n\t\t\t\t\t<\/div>\n\t\t\t\t<\/div>\n\t\t<div class=\"elementor-element elementor-element-5ab530e e-flex e-con-boxed e-con e-parent\" data-id=\"5ab530e\" data-element_type=\"container\">\n\t\t\t\t\t<div class=\"e-con-inner\">\n\t\t\t\t<div class=\"elementor-element elementor-element-91e7343 elementor-widget elementor-widget-text-editor\" data-id=\"91e7343\" data-element_type=\"widget\" data-widget_type=\"text-editor.default\">\n\t\t\t\t<div class=\"elementor-widget-container\">\n\t\t\t\t\t\t\t\t\t<p><strong>Introduction\u00a0<\/strong><\/p><p>Aujourd&rsquo;hui, avoir une entreprise sans pr\u00e9sence en ligne, c&rsquo;est comme ouvrir un magasin sans enseigne. Dans un monde o\u00f9 tout se digitalise, les PME congolaises ne peuvent plus ignorer la puissance du num\u00e9rique. Qu&rsquo;il s&rsquo;agisse de gagner en visibilit\u00e9, de de fid\u00e9liser les clients ou de vendre, une pr\u00e9sence en ligne bien pens\u00e9e est devenue un levier de croissance incontournable.\u00a0<\/p><p>Chez Congo pub service, nous aidons les marques locales \u00e0 se faire une place dans l&rsquo;univers digital, \u00e0 travers des strat\u00e9gies adapt\u00e9es \u00e0 leur r\u00e9alit\u00e9 et \u00e0 leurs objectifs.<\/p><p>\u00a0<\/p>\t\t\t\t\t\t\t\t<\/div>\n\t\t\t\t<\/div>\n\t\t\t\t\t<\/div>\n\t\t\t\t<\/div>\n\t\t<div class=\"elementor-element elementor-element-fa53474 e-flex e-con-boxed e-con e-parent\" data-id=\"fa53474\" data-element_type=\"container\" data-settings=\"{&quot;background_background&quot;:&quot;classic&quot;}\">\n\t\t\t\t\t<div class=\"e-con-inner\">\n\t\t<div class=\"elementor-element elementor-element-894d861 e-con-full e-flex e-con e-child\" data-id=\"894d861\" data-element_type=\"container\" data-settings=\"{&quot;background_background&quot;:&quot;classic&quot;}\">\n\t\t\t\t<\/div>\n\t\t\t\t\t<\/div>\n\t\t\t\t<\/div>\n\t\t<div class=\"elementor-element elementor-element-243d50d e-flex e-con-boxed e-con e-parent\" data-id=\"243d50d\" data-element_type=\"container\">\n\t\t\t\t\t<div class=\"e-con-inner\">\n\t\t\t\t<div class=\"elementor-element elementor-element-762cfae elementor-widget elementor-widget-heading\" data-id=\"762cfae\" data-element_type=\"widget\" data-widget_type=\"heading.default\">\n\t\t\t\t<div class=\"elementor-widget-container\">\n\t\t\t\t\t<h2 class=\"elementor-heading-title elementor-size-default\">\u00catre visible l\u00e0 o\u00f9 sont vos clients<\/h2>\t\t\t\t<\/div>\n\t\t\t\t<\/div>\n\t\t\t\t<div class=\"elementor-element elementor-element-1c851a7 elementor-widget elementor-widget-text-editor\" data-id=\"1c851a7\" data-element_type=\"widget\" data-widget_type=\"text-editor.default\">\n\t\t\t\t<div class=\"elementor-widget-container\">\n\t\t\t\t\t\t\t\t\t<p>Aujourd&rsquo;hui, vos clients sont connect\u00e9s: ils recherchent des produits, comparent les prix et lisent les avis en ligne. Une pr\u00e9sence digitale solide, site web, r\u00e9seaux sociaux, Google Business, permet \u00e0 votre entreprise digitale d&rsquo;\u00eatre trouver facilement.<\/p><p>Exemple: un restaurant \u00e0 Kinshasa sans page Facebook ou Google Maps passe \u00e0 c\u00f4t\u00e9 de centaines de clients potentiels chaque semaine.<\/p>\t\t\t\t\t\t\t\t<\/div>\n\t\t\t\t<\/div>\n\t\t\t\t<div class=\"elementor-element elementor-element-deb2d33 elementor-widget elementor-widget-heading\" data-id=\"deb2d33\" data-element_type=\"widget\" data-widget_type=\"heading.default\">\n\t\t\t\t<div class=\"elementor-widget-container\">\n\t\t\t\t\t<h2 class=\"elementor-heading-title elementor-size-default\">Renforcer la cr\u00e9dibilit\u00e9 et la confiance<\/h2>\t\t\t\t<\/div>\n\t\t\t\t<\/div>\n\t\t\t\t<div class=\"elementor-element elementor-element-cb37e3d elementor-widget elementor-widget-text-editor\" data-id=\"cb37e3d\" data-element_type=\"widget\" data-widget_type=\"text-editor.default\">\n\t\t\t\t<div class=\"elementor-widget-container\">\n\t\t\t\t\t\t\t\t\t<p>Une entreprise pr\u00e9sente en ligne inspire plus de confiance. Un site bien con\u00e7u, des publications r\u00e9guli\u00e8res ou des avis positifs donnent une image professionnelle et rassurante. Les consommateurs font davantage confiance \u00e0 une entreprise qu&rsquo;ils peuvent voir, lire et suivre en ligne. C&rsquo;est aussi une mani\u00e8re de montrer votre s\u00e9rieux et votre transparence.<\/p>\t\t\t\t\t\t\t\t<\/div>\n\t\t\t\t<\/div>\n\t\t\t\t\t<\/div>\n\t\t\t\t<\/div>\n\t\t<div class=\"elementor-element elementor-element-d550463 e-flex e-con-boxed e-con e-parent\" data-id=\"d550463\" data-element_type=\"container\">\n\t\t\t\t\t<div class=\"e-con-inner\">\n\t\t<div class=\"elementor-element elementor-element-455ab1d e-con-full e-flex e-con e-child\" data-id=\"455ab1d\" data-element_type=\"container\" data-settings=\"{&quot;background_background&quot;:&quot;classic&quot;}\">\n\t\t\t\t<\/div>\n\t\t\t\t\t<\/div>\n\t\t\t\t<\/div>\n\t\t<div class=\"elementor-element elementor-element-62279ad e-flex e-con-boxed e-con e-parent\" data-id=\"62279ad\" data-element_type=\"container\">\n\t\t\t\t\t<div class=\"e-con-inner\">\n\t\t\t\t<div class=\"elementor-element elementor-element-1b7b2f5 elementor-widget elementor-widget-heading\" data-id=\"1b7b2f5\" data-element_type=\"widget\" data-widget_type=\"heading.default\">\n\t\t\t\t<div class=\"elementor-widget-container\">\n\t\t\t\t\t<h2 class=\"elementor-heading-title elementor-size-default\">Attirer de nouveaux clients \u00e0 moindre co\u00fbt<\/h2>\t\t\t\t<\/div>\n\t\t\t\t<\/div>\n\t\t\t\t<div class=\"elementor-element elementor-element-0e9dead elementor-widget elementor-widget-text-editor\" data-id=\"0e9dead\" data-element_type=\"widget\" data-widget_type=\"text-editor.default\">\n\t\t\t\t<div class=\"elementor-widget-container\">\n\t\t\t\t\t\t\t\t\t<p>La pr\u00e9sence en ligne est un canal marketing abordable et mesurable, id\u00e9al pour les PME. Gr\u00e2ce au digital, vous pouvez :<\/p><ul><li>Toucher plus de monde avec un petit budget publicitaire;<\/li><li>Cibler pr\u00e9cis\u00e9ment vos clients (\u00e2ge, lieu, centres d&rsquo;int\u00e9r\u00eats);<\/li><li>Mesurer les r\u00e9sultats de vos campagnes en temps r\u00e9el;<\/li><li>Une campagne bien men\u00e9e sur Facebook ou Instagram peut g\u00e9n\u00e9rer des ventes \u00e0 co\u00fbts r\u00e9duits compar\u00e9 \u00e0 la publicit\u00e9 traditionnelle.<\/li><\/ul>\t\t\t\t\t\t\t\t<\/div>\n\t\t\t\t<\/div>\n\t\t\t\t<div class=\"elementor-element elementor-element-13b41dc elementor-widget elementor-widget-heading\" data-id=\"13b41dc\" data-element_type=\"widget\" data-widget_type=\"heading.default\">\n\t\t\t\t<div class=\"elementor-widget-container\">\n\t\t\t\t\t<h2 class=\"elementor-heading-title elementor-size-default\">Valoriser le Made in Congo<\/h2>\t\t\t\t<\/div>\n\t\t\t\t<\/div>\n\t\t\t\t<div class=\"elementor-element elementor-element-96d063b elementor-widget elementor-widget-text-editor\" data-id=\"96d063b\" data-element_type=\"widget\" data-widget_type=\"text-editor.default\">\n\t\t\t\t<div class=\"elementor-widget-container\">\n\t\t\t\t\t\t\t\t\t<p>Pour les entreprises locales, \u00eatre en ligne c&rsquo;est aussi faire rayonner la cr\u00e9ativit\u00e9 et le savoir-faire congolais. Une bonne pr\u00e9sence digitale permet de :<\/p><ul><li>raconter votre histoire;<\/li><li>Montrer vos produits locaux;<\/li><li>Inspirer la fiert\u00e9 nationale et attirer l&rsquo;attention du monde.<\/li><\/ul><p>chez Congo pub service, nous croyons que le digital est le meilleur moyen de transformer le Made in Congo en marque mondiale.<\/p>\t\t\t\t\t\t\t\t<\/div>\n\t\t\t\t<\/div>\n\t\t\t\t\t<\/div>\n\t\t\t\t<\/div>\n\t\t<div class=\"elementor-element elementor-element-3d23489 e-flex e-con-boxed e-con e-parent\" data-id=\"3d23489\" data-element_type=\"container\">\n\t\t\t\t\t<div class=\"e-con-inner\">\n\t\t<div class=\"elementor-element elementor-element-a4a2e60 e-con-full e-flex e-con e-child\" data-id=\"a4a2e60\" data-element_type=\"container\" data-settings=\"{&quot;background_background&quot;:&quot;classic&quot;}\">\n\t\t\t\t<\/div>\n\t\t\t\t\t<\/div>\n\t\t\t\t<\/div>\n\t\t<div class=\"elementor-element elementor-element-999c380 e-flex e-con-boxed e-con e-parent\" data-id=\"999c380\" data-element_type=\"container\">\n\t\t\t\t\t<div class=\"e-con-inner\">\n\t\t\t\t<div class=\"elementor-element elementor-element-1494c8d elementor-widget elementor-widget-heading\" data-id=\"1494c8d\" data-element_type=\"widget\" data-widget_type=\"heading.default\">\n\t\t\t\t<div class=\"elementor-widget-container\">\n\t\t\t\t\t<h2 class=\"elementor-heading-title elementor-size-default\">Cr\u00e9er une relation durable avec vos clients<\/h2>\t\t\t\t<\/div>\n\t\t\t\t<\/div>\n\t\t\t\t<div class=\"elementor-element elementor-element-29d4bd1 elementor-widget elementor-widget-text-editor\" data-id=\"29d4bd1\" data-element_type=\"widget\" data-widget_type=\"text-editor.default\">\n\t\t\t\t<div class=\"elementor-widget-container\">\n\t\t\t\t\t\t\t\t\t<p>les r\u00e9seaux sociaux permettent d&rsquo;\u00e9changer directement avec votre Communaut\u00e9 : r\u00e9pondre aux questions, publier des nouveaut\u00e9s, partager vos valeurs&#8230;<\/p><p>C&rsquo;est cette proximit\u00e9 qui fid\u00e9lise les clients et cr\u00e9e une vraie relation humaine autour de votre marque.<\/p>\t\t\t\t\t\t\t\t<\/div>\n\t\t\t\t<\/div>\n\t\t\t\t<div class=\"elementor-element elementor-element-c42144b elementor-widget elementor-widget-heading\" data-id=\"c42144b\" data-element_type=\"widget\" data-widget_type=\"heading.default\">\n\t\t\t\t<div class=\"elementor-widget-container\">\n\t\t\t\t\t<h2 class=\"elementor-heading-title elementor-size-default\">Se d\u00e9marquer de la concurrence <\/h2>\t\t\t\t<\/div>\n\t\t\t\t<\/div>\n\t\t\t\t<div class=\"elementor-element elementor-element-07d4653 elementor-widget elementor-widget-text-editor\" data-id=\"07d4653\" data-element_type=\"widget\" data-widget_type=\"text-editor.default\">\n\t\t\t\t<div class=\"elementor-widget-container\">\n\t\t\t\t\t\t\t\t\t<p>Beaucoup d&rsquo;entreprises congolaises sont encore peu active en ligne. Cela repr\u00e9sente une opportunit\u00e9 strat\u00e9gique : celui qui communique le mieux attire plus vite l&rsquo;attention, les partenaires et les clients, avec une bonne strat\u00e9gie digitale, une PME peut devancer les grandes marques.<\/p><p><strong>Conclusion<\/strong><\/p><p>La pr\u00e9sence en ligne n&rsquo;est plus une option : c&rsquo;est un investissement vital pour les PME qui veulent se d\u00e9velopper, gagner en notori\u00e9t\u00e9 et attirer des clients. Chaque publication, chaque visuel, chaque interaction contribue \u00e0 b\u00e2tir votre marque et votre r\u00e9putation.<\/p><p>Chez Congo pub service, nous accompagnons les entreprises congolaises pour qu&rsquo;elles prennent pleinement leur place dans le monde digital, avec des solutions Made in Congo.<\/p>\t\t\t\t\t\t\t\t<\/div>\n\t\t\t\t<\/div>\n\t\t\t\t\t<\/div>\n\t\t\t\t<\/div>\n\t\t<div class=\"elementor-element elementor-element-79ff8db e-flex e-con-boxed e-con e-parent\" data-id=\"79ff8db\" data-element_type=\"container\">\n\t\t\t\t\t<div class=\"e-con-inner\">\n\t\t\t\t<div class=\"elementor-element elementor-element-17bb524 elementor-widget elementor-widget-hubspot-form\" data-id=\"17bb524\" data-element_type=\"widget\" data-widget_type=\"hubspot-form.default\">\n\t\t\t\t<div class=\"elementor-widget-container\">\n\t\t\t\t\t\n\t\t\t<div\n\t\t\tclass=\"hs-form-frame\"\n\t\t\tdata-region=\"eu1\"\n\t\t\tdata-form-id=\"37addd88-d2ef-4c71-84a2-9b6247a3119c\"\n\t\t\tdata-portal-id=\"147137140\"\n\t\t\t >\n\t\t\t<\/div>\n\t\t\t\t\t\t\t<\/div>\n\t\t\t\t<\/div>\n\t\t\t\t\t<\/div>\n\t\t\t\t<\/div>\n\t\t\t\t<\/div>\n\t\t","protected":false},"excerpt":{"rendered":"<p>Importance d&rsquo;une pr\u00e9sence en ligne Pourquoi la pr\u00e9sence en ligne est essentielle pour les PME congolaises ? Introduction\u00a0 Aujourd&rsquo;hui, avoir une entreprise sans pr\u00e9sence en ligne, c&rsquo;est comme ouvrir un magasin sans enseigne. Dans un monde o\u00f9 tout se digitalise, les PME congolaises ne peuvent plus ignorer la puissance du num\u00e9rique. Qu&rsquo;il s&rsquo;agisse de gagner&#8230;<\/p>\n","protected":false},"author":1,"featured_media":0,"parent":0,"menu_order":0,"comment_status":"closed","ping_status":"closed","template":"","meta":{"content-type":"","_kad_post_transparent":"","_kad_post_title":"hide","_kad_post_layout":"fullwidth","_kad_post_sidebar_id":"","_kad_post_content_style":"unboxed","_kad_post_vertical_padding":"hide","_kad_post_feature":"hide","_kad_post_feature_position":"","_kad_post_header":false,"_kad_post_footer":false,"footnotes":""},"class_list":["post-805","page","type-page","status-publish","hentry"],"yoast_head":"<!-- This site is optimized with the Yoast SEO plugin v26.2 - https:\/\/yoast.com\/wordpress\/plugins\/seo\/ -->\n<title>Importance d&#039;une pr\u00e9sence en ligne - Congo pub service<\/title>\n<meta name=\"robots\" content=\"index, follow, max-snippet:-1, max-image-preview:large, max-video-preview:-1\" \/>\n<link rel=\"canonical\" href=\"https:\/\/congopubservice.com\/index.php\/importance-dune-presence-en-ligne\/\" \/>\n<meta property=\"og:locale\" content=\"fr_FR\" \/>\n<meta property=\"og:type\" content=\"article\" \/>\n<meta property=\"og:title\" content=\"Importance d&#039;une pr\u00e9sence en ligne - Congo pub service\" \/>\n<meta property=\"og:description\" content=\"Importance d&rsquo;une pr\u00e9sence en ligne Pourquoi la pr\u00e9sence en ligne est essentielle pour les PME congolaises ? Introduction\u00a0 Aujourd&rsquo;hui, avoir une entreprise sans pr\u00e9sence en ligne, c&rsquo;est comme ouvrir un magasin sans enseigne. Dans un monde o\u00f9 tout se digitalise, les PME congolaises ne peuvent plus ignorer la puissance du num\u00e9rique. Qu&rsquo;il s&rsquo;agisse de gagner...\" \/>\n<meta property=\"og:url\" content=\"https:\/\/congopubservice.com\/index.php\/importance-dune-presence-en-ligne\/\" \/>\n<meta property=\"og:site_name\" content=\"Congo pub service\" \/>\n<meta property=\"article:publisher\" content=\"https:\/\/web.facebook.com\/profile.php?id=61579789588127\" \/>\n<meta property=\"article:modified_time\" content=\"2025-11-04T19:45:19+00:00\" \/>\n<meta property=\"og:image\" content=\"https:\/\/congopubservice.com\/wp-content\/uploads\/2025\/06\/a-cps-logo-mod.png\" \/>\n\t<meta property=\"og:image:width\" content=\"612\" \/>\n\t<meta property=\"og:image:height\" content=\"792\" \/>\n\t<meta property=\"og:image:type\" content=\"image\/png\" \/>\n<meta name=\"twitter:card\" content=\"summary_large_image\" \/>\n<meta name=\"twitter:label1\" content=\"Dur\u00e9e de lecture estim\u00e9e\" \/>\n\t<meta name=\"twitter:data1\" content=\"3 minutes\" \/>\n<script type=\"application\/ld+json\" class=\"yoast-schema-graph\">{\"@context\":\"https:\/\/schema.org\",\"@graph\":[{\"@type\":\"WebPage\",\"@id\":\"https:\/\/congopubservice.com\/index.php\/importance-dune-presence-en-ligne\/\",\"url\":\"https:\/\/congopubservice.com\/index.php\/importance-dune-presence-en-ligne\/\",\"name\":\"Importance d'une pr\u00e9sence en ligne - Congo pub service\",\"isPartOf\":{\"@id\":\"https:\/\/congopubservice.com\/#website\"},\"datePublished\":\"2025-11-04T18:55:51+00:00\",\"dateModified\":\"2025-11-04T19:45:19+00:00\",\"breadcrumb\":{\"@id\":\"https:\/\/congopubservice.com\/index.php\/importance-dune-presence-en-ligne\/#breadcrumb\"},\"inLanguage\":\"fr-FR\",\"potentialAction\":[{\"@type\":\"ReadAction\",\"target\":[\"https:\/\/congopubservice.com\/index.php\/importance-dune-presence-en-ligne\/\"]}]},{\"@type\":\"BreadcrumbList\",\"@id\":\"https:\/\/congopubservice.com\/index.php\/importance-dune-presence-en-ligne\/#breadcrumb\",\"itemListElement\":[{\"@type\":\"ListItem\",\"position\":1,\"name\":\"Accueil\",\"item\":\"https:\/\/congopubservice.com\/\"},{\"@type\":\"ListItem\",\"position\":2,\"name\":\"Importance d&rsquo;une pr\u00e9sence en ligne\"}]},{\"@type\":\"WebSite\",\"@id\":\"https:\/\/congopubservice.com\/#website\",\"url\":\"https:\/\/congopubservice.com\/\",\"name\":\"Congo pub service\",\"description\":\"&quot;plus qu&#039;une agence, un levier de croissance&quot;\",\"publisher\":{\"@id\":\"https:\/\/congopubservice.com\/#organization\"},\"potentialAction\":[{\"@type\":\"SearchAction\",\"target\":{\"@type\":\"EntryPoint\",\"urlTemplate\":\"https:\/\/congopubservice.com\/?s={search_term_string}\"},\"query-input\":{\"@type\":\"PropertyValueSpecification\",\"valueRequired\":true,\"valueName\":\"search_term_string\"}}],\"inLanguage\":\"fr-FR\"},{\"@type\":\"Organization\",\"@id\":\"https:\/\/congopubservice.com\/#organization\",\"name\":\"Congo pub service\",\"url\":\"https:\/\/congopubservice.com\/\",\"logo\":{\"@type\":\"ImageObject\",\"inLanguage\":\"fr-FR\",\"@id\":\"https:\/\/congopubservice.com\/#\/schema\/logo\/image\/\",\"url\":\"https:\/\/congopubservice.com\/wp-content\/uploads\/2025\/06\/a-cps-logo-mod.png\",\"contentUrl\":\"https:\/\/congopubservice.com\/wp-content\/uploads\/2025\/06\/a-cps-logo-mod.png\",\"width\":612,\"height\":792,\"caption\":\"Congo pub service\"},\"image\":{\"@id\":\"https:\/\/congopubservice.com\/#\/schema\/logo\/image\/\"},\"sameAs\":[\"https:\/\/web.facebook.com\/profile.php?id=61579789588127\",\"https:\/\/www.linkedin.com\/feed\/\"]}]}<\/script>\n<!-- \/ Yoast SEO plugin. -->","yoast_head_json":{"title":"Importance d'une pr\u00e9sence en ligne - Congo pub service","robots":{"index":"index","follow":"follow","max-snippet":"max-snippet:-1","max-image-preview":"max-image-preview:large","max-video-preview":"max-video-preview:-1"},"canonical":"https:\/\/congopubservice.com\/index.php\/importance-dune-presence-en-ligne\/","og_locale":"fr_FR","og_type":"article","og_title":"Importance d'une pr\u00e9sence en ligne - Congo pub service","og_description":"Importance d&rsquo;une pr\u00e9sence en ligne Pourquoi la pr\u00e9sence en ligne est essentielle pour les PME congolaises ? Introduction\u00a0 Aujourd&rsquo;hui, avoir une entreprise sans pr\u00e9sence en ligne, c&rsquo;est comme ouvrir un magasin sans enseigne. Dans un monde o\u00f9 tout se digitalise, les PME congolaises ne peuvent plus ignorer la puissance du num\u00e9rique. Qu&rsquo;il s&rsquo;agisse de gagner...","og_url":"https:\/\/congopubservice.com\/index.php\/importance-dune-presence-en-ligne\/","og_site_name":"Congo pub service","article_publisher":"https:\/\/web.facebook.com\/profile.php?id=61579789588127","article_modified_time":"2025-11-04T19:45:19+00:00","og_image":[{"width":612,"height":792,"url":"https:\/\/congopubservice.com\/wp-content\/uploads\/2025\/06\/a-cps-logo-mod.png","type":"image\/png"}],"twitter_card":"summary_large_image","twitter_misc":{"Dur\u00e9e de lecture estim\u00e9e":"3 minutes"},"schema":{"@context":"https:\/\/schema.org","@graph":[{"@type":"WebPage","@id":"https:\/\/congopubservice.com\/index.php\/importance-dune-presence-en-ligne\/","url":"https:\/\/congopubservice.com\/index.php\/importance-dune-presence-en-ligne\/","name":"Importance d'une pr\u00e9sence en ligne - Congo pub service","isPartOf":{"@id":"https:\/\/congopubservice.com\/#website"},"datePublished":"2025-11-04T18:55:51+00:00","dateModified":"2025-11-04T19:45:19+00:00","breadcrumb":{"@id":"https:\/\/congopubservice.com\/index.php\/importance-dune-presence-en-ligne\/#breadcrumb"},"inLanguage":"fr-FR","potentialAction":[{"@type":"ReadAction","target":["https:\/\/congopubservice.com\/index.php\/importance-dune-presence-en-ligne\/"]}]},{"@type":"BreadcrumbList","@id":"https:\/\/congopubservice.com\/index.php\/importance-dune-presence-en-ligne\/#breadcrumb","itemListElement":[{"@type":"ListItem","position":1,"name":"Accueil","item":"https:\/\/congopubservice.com\/"},{"@type":"ListItem","position":2,"name":"Importance d&rsquo;une pr\u00e9sence en ligne"}]},{"@type":"WebSite","@id":"https:\/\/congopubservice.com\/#website","url":"https:\/\/congopubservice.com\/","name":"Congo pub service","description":"&quot;plus qu&#039;une agence, un levier de croissance&quot;","publisher":{"@id":"https:\/\/congopubservice.com\/#organization"},"potentialAction":[{"@type":"SearchAction","target":{"@type":"EntryPoint","urlTemplate":"https:\/\/congopubservice.com\/?s={search_term_string}"},"query-input":{"@type":"PropertyValueSpecification","valueRequired":true,"valueName":"search_term_string"}}],"inLanguage":"fr-FR"},{"@type":"Organization","@id":"https:\/\/congopubservice.com\/#organization","name":"Congo pub service","url":"https:\/\/congopubservice.com\/","logo":{"@type":"ImageObject","inLanguage":"fr-FR","@id":"https:\/\/congopubservice.com\/#\/schema\/logo\/image\/","url":"https:\/\/congopubservice.com\/wp-content\/uploads\/2025\/06\/a-cps-logo-mod.png","contentUrl":"https:\/\/congopubservice.com\/wp-content\/uploads\/2025\/06\/a-cps-logo-mod.png","width":612,"height":792,"caption":"Congo pub service"},"image":{"@id":"https:\/\/congopubservice.com\/#\/schema\/logo\/image\/"},"sameAs":["https:\/\/web.facebook.com\/profile.php?id=61579789588127","https:\/\/www.linkedin.com\/feed\/"]}]}},"_links":{"self":[{"href":"https:\/\/congopubservice.com\/index.php\/wp-json\/wp\/v2\/pages\/805","targetHints":{"allow":["GET"]}}],"collection":[{"href":"https:\/\/congopubservice.com\/index.php\/wp-json\/wp\/v2\/pages"}],"about":[{"href":"https:\/\/congopubservice.com\/index.php\/wp-json\/wp\/v2\/types\/page"}],"author":[{"embeddable":true,"href":"https:\/\/congopubservice.com\/index.php\/wp-json\/wp\/v2\/users\/1"}],"replies":[{"embeddable":true,"href":"https:\/\/congopubservice.com\/index.php\/wp-json\/wp\/v2\/comments?post=805"}],"version-history":[{"count":7,"href":"https:\/\/congopubservice.com\/index.php\/wp-json\/wp\/v2\/pages\/805\/revisions"}],"predecessor-version":[{"id":813,"href":"https:\/\/congopubservice.com\/index.php\/wp-json\/wp\/v2\/pages\/805\/revisions\/813"}],"wp:attachment":[{"href":"https:\/\/congopubservice.com\/index.php\/wp-json\/wp\/v2\/media?parent=805"}],"curies":[{"name":"wp","href":"https:\/\/api.w.org\/{rel}","templated":true}]}}