{"id":793,"date":"2025-11-04T18:08:11","date_gmt":"2025-11-04T18:08:11","guid":{"rendered":"https:\/\/congopubservice.com\/?page_id=793"},"modified":"2025-11-12T14:31:50","modified_gmt":"2025-11-12T14:31:50","slug":"strategie-de-contenus-pour-les-pme","status":"publish","type":"page","link":"https:\/\/congopubservice.com\/index.php\/strategie-de-contenus-pour-les-pme\/","title":{"rendered":"Strat\u00e9gie de contenus pour les PME"},"content":{"rendered":"\t\t<div data-elementor-type=\"wp-page\" data-elementor-id=\"793\" class=\"elementor elementor-793\">\n\t\t\t\t<div class=\"elementor-element elementor-element-85a8b4d e-flex e-con-boxed e-con e-parent\" data-id=\"85a8b4d\" data-element_type=\"container\">\n\t\t\t\t\t<div class=\"e-con-inner\">\n\t\t\t\t<div class=\"elementor-element elementor-element-a68dfa2 elementor-widget elementor-widget-heading\" data-id=\"a68dfa2\" data-element_type=\"widget\" data-widget_type=\"heading.default\">\n\t\t\t\t<div class=\"elementor-widget-container\">\n\t\t\t\t\t<h2 class=\"elementor-heading-title elementor-size-default\">Strat\u00e9gie de contenus pour les PME<\/h2>\t\t\t\t<\/div>\n\t\t\t\t<\/div>\n\t\t\t\t\t<\/div>\n\t\t\t\t<\/div>\n\t\t<div class=\"elementor-element elementor-element-0230526 e-flex e-con-boxed e-con e-parent\" data-id=\"0230526\" data-element_type=\"container\" data-settings=\"{&quot;background_background&quot;:&quot;classic&quot;}\">\n\t\t\t\t\t<div class=\"e-con-inner\">\n\t\t\t\t\t<\/div>\n\t\t\t\t<\/div>\n\t\t<div class=\"elementor-element elementor-element-1c8112a e-flex e-con-boxed e-con e-parent\" data-id=\"1c8112a\" data-element_type=\"container\">\n\t\t\t\t\t<div class=\"e-con-inner\">\n\t\t\t\t<div class=\"elementor-element elementor-element-4b00536 elementor-widget elementor-widget-heading\" data-id=\"4b00536\" data-element_type=\"widget\" data-widget_type=\"heading.default\">\n\t\t\t\t<div class=\"elementor-widget-container\">\n\t\t\t\t\t<h2 class=\"elementor-heading-title elementor-size-default\">La strat\u00e9gie de contenu: un levier de croissance incontournable pour les PME congolaises<\/h2>\t\t\t\t<\/div>\n\t\t\t\t<\/div>\n\t\t\t\t<div class=\"elementor-element elementor-element-5b94fae elementor-widget elementor-widget-text-editor\" data-id=\"5b94fae\" data-element_type=\"widget\" data-widget_type=\"text-editor.default\">\n\t\t\t\t<div class=\"elementor-widget-container\">\n\t\t\t\t\t\t\t\t\t<p><strong>Introduction<\/strong><\/p><p>Dans un monde de plus en plus digitalis\u00e9, les petites et moyennes entreprises (PME) congolaises ne peuvent plus se contenter d&rsquo;exister en ligne: elles doivent <strong>communiquer avec impact.\u00a0<\/strong>Et pour cela, une seule arme se r\u00e9v\u00e8le vraiment efficace: la <strong>strat\u00e9gie de contenus.<\/strong><\/p><p>Chez Congo pub service (CPS), nous accompagnons les entreprises locales dans la cr\u00e9ation de contenus pertinents, coh\u00e9rents et pourquoi est-elle essentielle pour les <strong>PME du Made in<\/strong> <strong>Congo<\/strong> ?<\/p>\t\t\t\t\t\t\t\t<\/div>\n\t\t\t\t<\/div>\n\t\t\t\t\t<\/div>\n\t\t\t\t<\/div>\n\t\t<div class=\"elementor-element elementor-element-99c033d e-flex e-con-boxed e-con e-parent\" data-id=\"99c033d\" data-element_type=\"container\">\n\t\t\t\t\t<div class=\"e-con-inner\">\n\t\t<div class=\"elementor-element elementor-element-8840372 e-con-full e-flex e-con e-child\" data-id=\"8840372\" data-element_type=\"container\" data-settings=\"{&quot;background_background&quot;:&quot;classic&quot;}\">\n\t\t\t\t<\/div>\n\t\t\t\t\t<\/div>\n\t\t\t\t<\/div>\n\t\t<div class=\"elementor-element elementor-element-07d2927 e-flex e-con-boxed e-con e-parent\" data-id=\"07d2927\" data-element_type=\"container\">\n\t\t\t\t\t<div class=\"e-con-inner\">\n\t\t\t\t<div class=\"elementor-element elementor-element-8d027d5 elementor-widget elementor-widget-heading\" data-id=\"8d027d5\" data-element_type=\"widget\" data-widget_type=\"heading.default\">\n\t\t\t\t<div class=\"elementor-widget-container\">\n\t\t\t\t\t<h2 class=\"elementor-heading-title elementor-size-default\">Qu'est-ce que la strat\u00e9gie de contenus ?<\/h2>\t\t\t\t<\/div>\n\t\t\t\t<\/div>\n\t\t\t\t<div class=\"elementor-element elementor-element-8994f18 elementor-widget elementor-widget-text-editor\" data-id=\"8994f18\" data-element_type=\"widget\" data-widget_type=\"text-editor.default\">\n\t\t\t\t<div class=\"elementor-widget-container\">\n\t\t\t\t\t\t\t\t\t<p>La strat\u00e9gie de contenus consiste \u00e0 planifier, cr\u00e9er et diffuser des contenus (articles, visuels, vid\u00e9os, publications, newsletters, etc.) afin d&rsquo;atteindre des objectifs pr\u00e9cis:<\/p><ul><li>Attirer l&rsquo;attention du public cible;<\/li><li>Renforcer la notori\u00e9t\u00e9 de la marque;<\/li><li>G\u00e9n\u00e9rer des prospects et fid\u00e9liser les clients<\/li><\/ul><p>Une bonne strat\u00e9gie de contenus aide les PME \u00e0 parler le langage de ses clients, \u00e0 b\u00e2tir sa cr\u00e9dibilit\u00e9 et \u00e0 se diff\u00e9rencier de la concurrence.<\/p>\t\t\t\t\t\t\t\t<\/div>\n\t\t\t\t<\/div>\n\t\t\t\t<div class=\"elementor-element elementor-element-bad26de elementor-widget elementor-widget-heading\" data-id=\"bad26de\" data-element_type=\"widget\" data-widget_type=\"heading.default\">\n\t\t\t\t<div class=\"elementor-widget-container\">\n\t\t\t\t\t<h2 class=\"elementor-heading-title elementor-size-default\">Pourquoi c'est crucial pour les PME en RDC ?<\/h2>\t\t\t\t<\/div>\n\t\t\t\t<\/div>\n\t\t\t\t<div class=\"elementor-element elementor-element-122a7eb elementor-widget elementor-widget-text-editor\" data-id=\"122a7eb\" data-element_type=\"widget\" data-widget_type=\"text-editor.default\">\n\t\t\t\t<div class=\"elementor-widget-container\">\n\t\t\t\t\t\t\t\t\t<p>Les PME congolaises ont un avantage unique: leur authenticit\u00e9 et leur ancrage local. Mais beaucoup manquent encore d&rsquo;une pr\u00e9sence digitale structur\u00e9e. Voici pourquoi la strat\u00e9gie:\u00a0<\/p><ol><li>Elle renforce la visibilit\u00e9<\/li><\/ol><p>Un contenu r\u00e9gulier et optimis\u00e9 (SEO, r\u00e9seaux sociaux, blog) permet d&rsquo;\u00eatre trouv\u00e9 plus facilement sur Google et d&rsquo;attirer de nouveaux clients.<\/p><p>\u00a0 2. \u00a0Elle cr\u00e9e la confiance<\/p><p>Des articles, vid\u00e9os ou visuels de qualit\u00e9s positionnent la PME comme un acteur cr\u00e9dible et professionnel.<\/p><p>\u00a0 3. \u00a0Elle soutien la croissance\u00a0<\/p><p>Une bonne strat\u00e9gie de contenus attire des prospects, les \u00e9duque sur vos produits, et les transforme en clients fid\u00e8les.<\/p>\t\t\t\t\t\t\t\t<\/div>\n\t\t\t\t<\/div>\n\t\t\t\t\t<\/div>\n\t\t\t\t<\/div>\n\t\t<div class=\"elementor-element elementor-element-c83fa51 e-flex e-con-boxed e-con e-parent\" data-id=\"c83fa51\" data-element_type=\"container\">\n\t\t\t\t\t<div class=\"e-con-inner\">\n\t\t<div class=\"elementor-element elementor-element-51b9bfa e-con-full e-flex e-con e-child\" data-id=\"51b9bfa\" data-element_type=\"container\" data-settings=\"{&quot;background_background&quot;:&quot;classic&quot;}\">\n\t\t\t\t<\/div>\n\t\t\t\t\t<\/div>\n\t\t\t\t<\/div>\n\t\t<div class=\"elementor-element elementor-element-9d8114b e-flex e-con-boxed e-con e-parent\" data-id=\"9d8114b\" data-element_type=\"container\">\n\t\t\t\t\t<div class=\"e-con-inner\">\n\t\t\t\t<div class=\"elementor-element elementor-element-ff701f8 elementor-widget elementor-widget-heading\" data-id=\"ff701f8\" data-element_type=\"widget\" data-widget_type=\"heading.default\">\n\t\t\t\t<div class=\"elementor-widget-container\">\n\t\t\t\t\t<h2 class=\"elementor-heading-title elementor-size-default\">Les \u00e9tapes cl\u00e9s d'une bonne strat\u00e9gie de contenus<\/h2>\t\t\t\t<\/div>\n\t\t\t\t<\/div>\n\t\t\t\t<div class=\"elementor-element elementor-element-13f4812 elementor-widget elementor-widget-text-editor\" data-id=\"13f4812\" data-element_type=\"widget\" data-widget_type=\"text-editor.default\">\n\t\t\t\t<div class=\"elementor-widget-container\">\n\t\t\t\t\t\t\t\t\t<p>Pour qu&rsquo;une PME tire profil du contenu, elle doit suivre une approche structur\u00e9e :<\/p><ol><li>D\u00e9finir ses objectifs : souhaitez-vous gagner en notori\u00e9t\u00e9, g\u00e9n\u00e9rer des ventes ou fid\u00e9liser vos clients ? Chaque objectif oriente le type de contenu \u00e0 produire.<\/li><li>Identifier sa cible : qui sont vos clients ? O\u00f9 se trouvent-ils ? Quels probl\u00e8mes cherchent-ils \u00e0 r\u00e9soudre ?<\/li><li>Cr\u00e9er du contenu pertinent : publiez des contenus qui apportent de la valeur: tutoriels, t\u00e9moignages, conseils pratiques, histoires inspirantes locales&#8230; <strong>Exemple<\/strong> : une marque congolaise de cosm\u00e9tiques peut cr\u00e9er des posts \u00e9ducatifs sur les soins naturels africains.<\/li><li>Planifier la diffusion : un calendrier \u00e9ditorial (hebdomadaires ou mensuelle) permet de rester \u00a0coh\u00e9rent et actif sur tous vos canaux (Facebook, Instagram, Site web,&#8230;)<\/li><li>Mesurer les r\u00e9sultats : analyser les performances : vues, partages, clics, ventes&#8230; et ajustez votre strat\u00e9gie pour plus d&rsquo;impact.<\/li><\/ol>\t\t\t\t\t\t\t\t<\/div>\n\t\t\t\t<\/div>\n\t\t\t\t<div class=\"elementor-element elementor-element-7c5a8e3 elementor-widget elementor-widget-heading\" data-id=\"7c5a8e3\" data-element_type=\"widget\" data-widget_type=\"heading.default\">\n\t\t\t\t<div class=\"elementor-widget-container\">\n\t\t\t\t\t<h2 class=\"elementor-heading-title elementor-size-default\">Le r\u00f4le de Congo pub service<\/h2>\t\t\t\t<\/div>\n\t\t\t\t<\/div>\n\t\t\t\t<div class=\"elementor-element elementor-element-d9db8c1 elementor-widget elementor-widget-text-editor\" data-id=\"d9db8c1\" data-element_type=\"widget\" data-widget_type=\"text-editor.default\">\n\t\t\t\t<div class=\"elementor-widget-container\">\n\t\t\t\t\t\t\t\t\t<p>Chez Congo pub service, nous aidons les PME \u00e0 b\u00e2tir et ex\u00e9cuter leur strat\u00e9gie de contenu gr\u00e2ce \u00e0 une approche personnalis\u00e9e :<\/p><ul><li>Un audit de marque et de communication;<\/li><li>Cr\u00e9ation de contenus visuels et r\u00e9dactionnels;<\/li><li>Planification \u00e9ditoriale et community management;<\/li><li>Formation en marketing digital Made in Congo.<\/li><\/ul><p>Notre mission est simple: \u00ab\u00a0transformer les PME congolaises en marques fortes, visibles et influentes\u00a0\u00bb<\/p><p>Conclusion<\/p><p>La strat\u00e9gie de contenu n&rsquo;est pas un luxe, mais une n\u00e9cessit\u00e9 pour toute PME qui veut grandir durablement. Dans un march\u00e9 comp\u00e9titif, c&rsquo;est elle qui permet de se d\u00e9marquer, d&rsquo;inspirer confiance et de b\u00e2tir une marque \u00e0 impact.<\/p><p>Avec Congo pub service, donnez vie \u00e0 votre histoire et faites du Made in Congo une marque forte, en ligne comme sur terrain.<\/p>\t\t\t\t\t\t\t\t<\/div>\n\t\t\t\t<\/div>\n\t\t\t\t\t<\/div>\n\t\t\t\t<\/div>\n\t\t<div class=\"elementor-element elementor-element-4a22652 e-flex e-con-boxed e-con e-parent\" data-id=\"4a22652\" data-element_type=\"container\">\n\t\t\t\t\t<div class=\"e-con-inner\">\n\t\t\t\t<div class=\"elementor-element elementor-element-78a2dac elementor-widget elementor-widget-hubspot-form\" data-id=\"78a2dac\" data-element_type=\"widget\" data-widget_type=\"hubspot-form.default\">\n\t\t\t\t<div class=\"elementor-widget-container\">\n\t\t\t\t\t\n\t\t\t<div\n\t\t\tclass=\"hs-form-frame\"\n\t\t\tdata-region=\"eu1\"\n\t\t\tdata-form-id=\"f666653f-bc0c-46c9-8a0d-3e806973096d\"\n\t\t\tdata-portal-id=\"147137140\"\n\t\t\t >\n\t\t\t<\/div>\n\t\t\t\t\t\t\t<\/div>\n\t\t\t\t<\/div>\n\t\t\t\t\t<\/div>\n\t\t\t\t<\/div>\n\t\t\t\t<\/div>\n\t\t","protected":false},"excerpt":{"rendered":"<p>Strat\u00e9gie de contenus pour les PME La strat\u00e9gie de contenu: un levier de croissance incontournable pour les PME congolaises Introduction Dans un monde de plus en plus digitalis\u00e9, les petites et moyennes entreprises (PME) congolaises ne peuvent plus se contenter d&rsquo;exister en ligne: elles doivent communiquer avec impact.\u00a0Et pour cela, une seule arme se r\u00e9v\u00e8le&#8230;<\/p>\n","protected":false},"author":1,"featured_media":0,"parent":0,"menu_order":0,"comment_status":"closed","ping_status":"closed","template":"","meta":{"content-type":"","_kad_post_transparent":"","_kad_post_title":"hide","_kad_post_layout":"fullwidth","_kad_post_sidebar_id":"","_kad_post_content_style":"unboxed","_kad_post_vertical_padding":"hide","_kad_post_feature":"hide","_kad_post_feature_position":"","_kad_post_header":false,"_kad_post_footer":false,"footnotes":""},"class_list":["post-793","page","type-page","status-publish","hentry"],"yoast_head":"<!-- This site is optimized with the Yoast SEO plugin v26.2 - https:\/\/yoast.com\/wordpress\/plugins\/seo\/ -->\n<title>Strat\u00e9gie de contenus pour les PME - Congo pub service<\/title>\n<meta name=\"robots\" content=\"index, follow, max-snippet:-1, max-image-preview:large, max-video-preview:-1\" \/>\n<link rel=\"canonical\" href=\"https:\/\/congopubservice.com\/index.php\/strategie-de-contenus-pour-les-pme\/\" \/>\n<meta property=\"og:locale\" content=\"fr_FR\" \/>\n<meta property=\"og:type\" content=\"article\" \/>\n<meta property=\"og:title\" content=\"Strat\u00e9gie de contenus pour les PME - Congo pub service\" \/>\n<meta property=\"og:description\" content=\"Strat\u00e9gie de contenus pour les PME La strat\u00e9gie de contenu: un levier de croissance incontournable pour les PME congolaises Introduction Dans un monde de plus en plus digitalis\u00e9, les petites et moyennes entreprises (PME) congolaises ne peuvent plus se contenter d&rsquo;exister en ligne: elles doivent communiquer avec impact.\u00a0Et pour cela, une seule arme se r\u00e9v\u00e8le...\" \/>\n<meta property=\"og:url\" content=\"https:\/\/congopubservice.com\/index.php\/strategie-de-contenus-pour-les-pme\/\" \/>\n<meta property=\"og:site_name\" content=\"Congo pub service\" \/>\n<meta property=\"article:publisher\" content=\"https:\/\/web.facebook.com\/profile.php?id=61579789588127\" \/>\n<meta property=\"article:modified_time\" content=\"2025-11-12T14:31:50+00:00\" \/>\n<meta property=\"og:image\" content=\"https:\/\/congopubservice.com\/wp-content\/uploads\/2025\/06\/a-cps-logo-mod.png\" \/>\n\t<meta property=\"og:image:width\" content=\"612\" \/>\n\t<meta property=\"og:image:height\" content=\"792\" \/>\n\t<meta property=\"og:image:type\" content=\"image\/png\" \/>\n<meta name=\"twitter:card\" content=\"summary_large_image\" \/>\n<meta name=\"twitter:label1\" content=\"Dur\u00e9e de lecture estim\u00e9e\" \/>\n\t<meta name=\"twitter:data1\" content=\"3 minutes\" \/>\n<script type=\"application\/ld+json\" class=\"yoast-schema-graph\">{\"@context\":\"https:\/\/schema.org\",\"@graph\":[{\"@type\":\"WebPage\",\"@id\":\"https:\/\/congopubservice.com\/index.php\/strategie-de-contenus-pour-les-pme\/\",\"url\":\"https:\/\/congopubservice.com\/index.php\/strategie-de-contenus-pour-les-pme\/\",\"name\":\"Strat\u00e9gie de contenus pour les PME - Congo pub service\",\"isPartOf\":{\"@id\":\"https:\/\/congopubservice.com\/#website\"},\"datePublished\":\"2025-11-04T18:08:11+00:00\",\"dateModified\":\"2025-11-12T14:31:50+00:00\",\"breadcrumb\":{\"@id\":\"https:\/\/congopubservice.com\/index.php\/strategie-de-contenus-pour-les-pme\/#breadcrumb\"},\"inLanguage\":\"fr-FR\",\"potentialAction\":[{\"@type\":\"ReadAction\",\"target\":[\"https:\/\/congopubservice.com\/index.php\/strategie-de-contenus-pour-les-pme\/\"]}]},{\"@type\":\"BreadcrumbList\",\"@id\":\"https:\/\/congopubservice.com\/index.php\/strategie-de-contenus-pour-les-pme\/#breadcrumb\",\"itemListElement\":[{\"@type\":\"ListItem\",\"position\":1,\"name\":\"Accueil\",\"item\":\"https:\/\/congopubservice.com\/\"},{\"@type\":\"ListItem\",\"position\":2,\"name\":\"Strat\u00e9gie de contenus pour les PME\"}]},{\"@type\":\"WebSite\",\"@id\":\"https:\/\/congopubservice.com\/#website\",\"url\":\"https:\/\/congopubservice.com\/\",\"name\":\"Congo pub service\",\"description\":\"&quot;plus qu&#039;une agence, un levier de croissance&quot;\",\"publisher\":{\"@id\":\"https:\/\/congopubservice.com\/#organization\"},\"potentialAction\":[{\"@type\":\"SearchAction\",\"target\":{\"@type\":\"EntryPoint\",\"urlTemplate\":\"https:\/\/congopubservice.com\/?s={search_term_string}\"},\"query-input\":{\"@type\":\"PropertyValueSpecification\",\"valueRequired\":true,\"valueName\":\"search_term_string\"}}],\"inLanguage\":\"fr-FR\"},{\"@type\":\"Organization\",\"@id\":\"https:\/\/congopubservice.com\/#organization\",\"name\":\"Congo pub service\",\"url\":\"https:\/\/congopubservice.com\/\",\"logo\":{\"@type\":\"ImageObject\",\"inLanguage\":\"fr-FR\",\"@id\":\"https:\/\/congopubservice.com\/#\/schema\/logo\/image\/\",\"url\":\"https:\/\/congopubservice.com\/wp-content\/uploads\/2025\/06\/a-cps-logo-mod.png\",\"contentUrl\":\"https:\/\/congopubservice.com\/wp-content\/uploads\/2025\/06\/a-cps-logo-mod.png\",\"width\":612,\"height\":792,\"caption\":\"Congo pub service\"},\"image\":{\"@id\":\"https:\/\/congopubservice.com\/#\/schema\/logo\/image\/\"},\"sameAs\":[\"https:\/\/web.facebook.com\/profile.php?id=61579789588127\",\"https:\/\/www.linkedin.com\/feed\/\"]}]}<\/script>\n<!-- \/ Yoast SEO plugin. -->","yoast_head_json":{"title":"Strat\u00e9gie de contenus pour les PME - Congo pub service","robots":{"index":"index","follow":"follow","max-snippet":"max-snippet:-1","max-image-preview":"max-image-preview:large","max-video-preview":"max-video-preview:-1"},"canonical":"https:\/\/congopubservice.com\/index.php\/strategie-de-contenus-pour-les-pme\/","og_locale":"fr_FR","og_type":"article","og_title":"Strat\u00e9gie de contenus pour les PME - Congo pub service","og_description":"Strat\u00e9gie de contenus pour les PME La strat\u00e9gie de contenu: un levier de croissance incontournable pour les PME congolaises Introduction Dans un monde de plus en plus digitalis\u00e9, les petites et moyennes entreprises (PME) congolaises ne peuvent plus se contenter d&rsquo;exister en ligne: elles doivent communiquer avec impact.\u00a0Et pour cela, une seule arme se r\u00e9v\u00e8le...","og_url":"https:\/\/congopubservice.com\/index.php\/strategie-de-contenus-pour-les-pme\/","og_site_name":"Congo pub service","article_publisher":"https:\/\/web.facebook.com\/profile.php?id=61579789588127","article_modified_time":"2025-11-12T14:31:50+00:00","og_image":[{"width":612,"height":792,"url":"https:\/\/congopubservice.com\/wp-content\/uploads\/2025\/06\/a-cps-logo-mod.png","type":"image\/png"}],"twitter_card":"summary_large_image","twitter_misc":{"Dur\u00e9e de lecture estim\u00e9e":"3 minutes"},"schema":{"@context":"https:\/\/schema.org","@graph":[{"@type":"WebPage","@id":"https:\/\/congopubservice.com\/index.php\/strategie-de-contenus-pour-les-pme\/","url":"https:\/\/congopubservice.com\/index.php\/strategie-de-contenus-pour-les-pme\/","name":"Strat\u00e9gie de contenus pour les PME - Congo pub service","isPartOf":{"@id":"https:\/\/congopubservice.com\/#website"},"datePublished":"2025-11-04T18:08:11+00:00","dateModified":"2025-11-12T14:31:50+00:00","breadcrumb":{"@id":"https:\/\/congopubservice.com\/index.php\/strategie-de-contenus-pour-les-pme\/#breadcrumb"},"inLanguage":"fr-FR","potentialAction":[{"@type":"ReadAction","target":["https:\/\/congopubservice.com\/index.php\/strategie-de-contenus-pour-les-pme\/"]}]},{"@type":"BreadcrumbList","@id":"https:\/\/congopubservice.com\/index.php\/strategie-de-contenus-pour-les-pme\/#breadcrumb","itemListElement":[{"@type":"ListItem","position":1,"name":"Accueil","item":"https:\/\/congopubservice.com\/"},{"@type":"ListItem","position":2,"name":"Strat\u00e9gie de contenus pour les PME"}]},{"@type":"WebSite","@id":"https:\/\/congopubservice.com\/#website","url":"https:\/\/congopubservice.com\/","name":"Congo pub service","description":"&quot;plus qu&#039;une agence, un levier de croissance&quot;","publisher":{"@id":"https:\/\/congopubservice.com\/#organization"},"potentialAction":[{"@type":"SearchAction","target":{"@type":"EntryPoint","urlTemplate":"https:\/\/congopubservice.com\/?s={search_term_string}"},"query-input":{"@type":"PropertyValueSpecification","valueRequired":true,"valueName":"search_term_string"}}],"inLanguage":"fr-FR"},{"@type":"Organization","@id":"https:\/\/congopubservice.com\/#organization","name":"Congo pub service","url":"https:\/\/congopubservice.com\/","logo":{"@type":"ImageObject","inLanguage":"fr-FR","@id":"https:\/\/congopubservice.com\/#\/schema\/logo\/image\/","url":"https:\/\/congopubservice.com\/wp-content\/uploads\/2025\/06\/a-cps-logo-mod.png","contentUrl":"https:\/\/congopubservice.com\/wp-content\/uploads\/2025\/06\/a-cps-logo-mod.png","width":612,"height":792,"caption":"Congo pub service"},"image":{"@id":"https:\/\/congopubservice.com\/#\/schema\/logo\/image\/"},"sameAs":["https:\/\/web.facebook.com\/profile.php?id=61579789588127","https:\/\/www.linkedin.com\/feed\/"]}]}},"_links":{"self":[{"href":"https:\/\/congopubservice.com\/index.php\/wp-json\/wp\/v2\/pages\/793","targetHints":{"allow":["GET"]}}],"collection":[{"href":"https:\/\/congopubservice.com\/index.php\/wp-json\/wp\/v2\/pages"}],"about":[{"href":"https:\/\/congopubservice.com\/index.php\/wp-json\/wp\/v2\/types\/page"}],"author":[{"embeddable":true,"href":"https:\/\/congopubservice.com\/index.php\/wp-json\/wp\/v2\/users\/1"}],"replies":[{"embeddable":true,"href":"https:\/\/congopubservice.com\/index.php\/wp-json\/wp\/v2\/comments?post=793"}],"version-history":[{"count":13,"href":"https:\/\/congopubservice.com\/index.php\/wp-json\/wp\/v2\/pages\/793\/revisions"}],"predecessor-version":[{"id":835,"href":"https:\/\/congopubservice.com\/index.php\/wp-json\/wp\/v2\/pages\/793\/revisions\/835"}],"wp:attachment":[{"href":"https:\/\/congopubservice.com\/index.php\/wp-json\/wp\/v2\/media?parent=793"}],"curies":[{"name":"wp","href":"https:\/\/api.w.org\/{rel}","templated":true}]}}