{"id":627,"date":"2025-10-29T23:31:37","date_gmt":"2025-10-29T23:31:37","guid":{"rendered":"https:\/\/congopubservice.com\/?page_id=627"},"modified":"2025-10-30T05:21:03","modified_gmt":"2025-10-30T05:21:03","slug":"notre-equipe","status":"publish","type":"page","link":"https:\/\/congopubservice.com\/index.php\/notre-equipe\/","title":{"rendered":"Notre \u00e9quipe"},"content":{"rendered":"\t\t<div data-elementor-type=\"wp-page\" data-elementor-id=\"627\" class=\"elementor elementor-627\">\n\t\t\t\t<div class=\"elementor-element elementor-element-f220309 e-flex e-con-boxed e-con e-parent\" data-id=\"f220309\" data-element_type=\"container\" data-settings=\"{&quot;background_background&quot;:&quot;classic&quot;}\">\n\t\t\t\t\t<div class=\"e-con-inner\">\n\t\t\t\t<div class=\"elementor-element elementor-element-fb57464 elementor-widget elementor-widget-heading\" data-id=\"fb57464\" data-element_type=\"widget\" data-widget_type=\"heading.default\">\n\t\t\t\t<div class=\"elementor-widget-container\">\n\t\t\t\t\t<h2 class=\"elementor-heading-title elementor-size-default\">L\u00e0 o\u00f9 la strat\u00e9gie rencontre la cr\u00e9ativit\u00e9 pour faire briller les marques Made in Congo<\/h2>\t\t\t\t<\/div>\n\t\t\t\t<\/div>\n\t\t\t\t<div class=\"elementor-element elementor-element-1e7b6e4 elementor-widget elementor-widget-text-editor\" data-id=\"1e7b6e4\" data-element_type=\"widget\" data-widget_type=\"text-editor.default\">\n\t\t\t\t<div class=\"elementor-widget-container\">\n\t\t\t\t\t\t\t\t\t<p>Chez Congo pub service, notre plus grande force, c&rsquo;est notre \u00e9quipe. Une \u00e9quipe locale, une vision globale, un impact r\u00e9el<\/p>\t\t\t\t\t\t\t\t<\/div>\n\t\t\t\t<\/div>\n\t\t\t\t\t<\/div>\n\t\t\t\t<\/div>\n\t\t<div class=\"elementor-element elementor-element-90c71ab e-flex e-con-boxed e-con e-parent\" data-id=\"90c71ab\" data-element_type=\"container\">\n\t\t\t\t\t<div class=\"e-con-inner\">\n\t\t\t\t<div class=\"elementor-element elementor-element-081f647 elementor-widget elementor-widget-heading\" data-id=\"081f647\" data-element_type=\"widget\" data-widget_type=\"heading.default\">\n\t\t\t\t<div class=\"elementor-widget-container\">\n\t\t\t\t\t<h1 class=\"elementor-heading-title elementor-size-default\">Ensemble, nous rendons possible ce qui semblait impossible<\/h1>\t\t\t\t<\/div>\n\t\t\t\t<\/div>\n\t\t\t\t\t<\/div>\n\t\t\t\t<\/div>\n\t\t<div class=\"elementor-element elementor-element-5801851 e-flex e-con-boxed e-con e-parent\" data-id=\"5801851\" data-element_type=\"container\" data-settings=\"{&quot;background_background&quot;:&quot;classic&quot;}\">\n\t\t\t\t\t<div class=\"e-con-inner\">\n\t\t<div class=\"elementor-element elementor-element-8732073 e-con-full e-flex e-con e-child\" data-id=\"8732073\" data-element_type=\"container\">\n\t\t\t\t<\/div>\n\t\t<div class=\"elementor-element elementor-element-88eba9b e-con-full e-flex e-con e-child\" data-id=\"88eba9b\" data-element_type=\"container\">\n\t\t\t\t<div class=\"elementor-element elementor-element-c2ca8a5 elementor-widget elementor-widget-heading\" data-id=\"c2ca8a5\" data-element_type=\"widget\" data-widget_type=\"heading.default\">\n\t\t\t\t<div class=\"elementor-widget-container\">\n\t\t\t\t\t<h4 class=\"elementor-heading-title elementor-size-default\">Nous croyons au travail collaboratif, \u00e0 la cr\u00e9ativit\u00e9 sans limites et \u00e0 la fiert\u00e9 du Made in Congo.\n\nNous croyons au potentiel du Congo, et nous le prouvons \u00e0 travers chaque marque que nous accompagnons.<\/h4>\t\t\t\t<\/div>\n\t\t\t\t<\/div>\n\t\t\t\t<div class=\"elementor-element elementor-element-bbd0231 elementor-invisible elementor-widget elementor-widget-text-editor\" data-id=\"bbd0231\" data-element_type=\"widget\" data-settings=\"{&quot;_animation&quot;:&quot;fadeInLeft&quot;}\" data-widget_type=\"text-editor.default\">\n\t\t\t\t<div class=\"elementor-widget-container\">\n\t\t\t\t\t\t\t\t\t<p>Nous faisons du Made in Congo une marque de fiert\u00e9 et de r\u00e9ussite.<\/p>\t\t\t\t\t\t\t\t<\/div>\n\t\t\t\t<\/div>\n\t\t\t\t<\/div>\n\t\t\t\t\t<\/div>\n\t\t\t\t<\/div>\n\t\t<div class=\"elementor-element elementor-element-ac3378f e-flex e-con-boxed e-con e-parent\" data-id=\"ac3378f\" data-element_type=\"container\">\n\t\t\t\t\t<div class=\"e-con-inner\">\n\t\t\t\t<div class=\"elementor-element elementor-element-28c9141 elementor-widget elementor-widget-heading\" data-id=\"28c9141\" data-element_type=\"widget\" data-widget_type=\"heading.default\">\n\t\t\t\t<div class=\"elementor-widget-container\">\n\t\t\t\t\t<h2 class=\"elementor-heading-title elementor-size-default\">Notre \u00e9quipe:<\/h2>\t\t\t\t<\/div>\n\t\t\t\t<\/div>\n\t\t\t\t<div class=\"elementor-element elementor-element-f05c8ac elementor-widget elementor-widget-text-editor\" data-id=\"f05c8ac\" data-element_type=\"widget\" data-widget_type=\"text-editor.default\">\n\t\t\t\t<div class=\"elementor-widget-container\">\n\t\t\t\t\t\t\t\t\t<ul><li>Direction et strat\u00e9gie: vision, planification et accompagnement strat\u00e9gique des marques;<\/li><li>P\u00f4le cr\u00e9atif: designers, graphistes et cr\u00e9ateurs de contenu qui donnent vie aux id\u00e9es;<\/li><li>P\u00f4le digital: sp\u00e9cialistes en marketing digital, r\u00e9seaux sociaux et performances en ligne.<\/li><li>P\u00f4le formation et coaching: experts d\u00e9di\u00e9s \u00e0 la mont\u00e9e en comp\u00e9tence des entrepreneurs congolais.<\/li><\/ul>\t\t\t\t\t\t\t\t<\/div>\n\t\t\t\t<\/div>\n\t\t\t\t\t<\/div>\n\t\t\t\t<\/div>\n\t\t<div class=\"elementor-element elementor-element-be041a6 e-flex e-con-boxed e-con e-parent\" data-id=\"be041a6\" data-element_type=\"container\" data-settings=\"{&quot;background_background&quot;:&quot;classic&quot;}\">\n\t\t\t\t\t<div class=\"e-con-inner\">\n\t\t<div class=\"elementor-element elementor-element-ded63b7 e-con-full e-flex elementor-invisible e-con e-child\" data-id=\"ded63b7\" data-element_type=\"container\" data-settings=\"{&quot;background_background&quot;:&quot;classic&quot;,&quot;animation&quot;:&quot;fadeInRight&quot;}\">\n\t\t\t\t<div class=\"elementor-element elementor-element-950b793 elementor-widget elementor-widget-text-editor\" data-id=\"950b793\" data-element_type=\"widget\" data-widget_type=\"text-editor.default\">\n\t\t\t\t<div class=\"elementor-widget-container\">\n\t\t\t\t\t\t\t\t\t<p>Une \u00e9quipe jeune, cr\u00e9ative et passionn\u00e9e, anim\u00e9e par une m\u00eame vision: faire briller les marques congolaises et leur donner la place qu&rsquo;elles m\u00e9ritent sur la sc\u00e8ne locale et internationale.<\/p><p>Chaque membre de notre \u00e9quipe apporte son expertise pour accompagner les marques \u00e0 chaque \u00e9tape: du branding \u00e0 la strat\u00e9gie digitale, en passant par le design graphique, la production de contenu et la formation.<\/p>\t\t\t\t\t\t\t\t<\/div>\n\t\t\t\t<\/div>\n\t\t\t\t<\/div>\n\t\t<div class=\"elementor-element elementor-element-db3bb32 e-con-full e-flex e-con e-child\" data-id=\"db3bb32\" data-element_type=\"container\">\n\t\t\t\t<\/div>\n\t\t\t\t\t<\/div>\n\t\t\t\t<\/div>\n\t\t<div class=\"elementor-element elementor-element-712158a e-flex e-con-boxed e-con e-parent\" data-id=\"712158a\" data-element_type=\"container\">\n\t\t\t\t\t<div class=\"e-con-inner\">\n\t\t\t\t<div class=\"elementor-element elementor-element-f363256 elementor-widget elementor-widget-heading\" data-id=\"f363256\" data-element_type=\"widget\" data-widget_type=\"heading.default\">\n\t\t\t\t<div class=\"elementor-widget-container\">\n\t\t\t\t\t<h3 class=\"elementor-heading-title elementor-size-default\">Pourquoi nous choisir ?<\/h3>\t\t\t\t<\/div>\n\t\t\t\t<\/div>\n\t\t\t\t<div class=\"elementor-element elementor-element-ebc66c2 elementor-widget elementor-widget-text-editor\" data-id=\"ebc66c2\" data-element_type=\"widget\" data-widget_type=\"text-editor.default\">\n\t\t\t\t<div class=\"elementor-widget-container\">\n\t\t\t\t\t\t\t\t\t<p>Parce que nous croyons au potentiel des marques congolaises et \u00e0 la puissance de la cr\u00e9ativit\u00e9 locale. Chez Congo pub service, nous ne faisons pas que de la communication: nous b\u00e2tissons des histoires, des identit\u00e9s et des r\u00e9ussites congolaises. Nous comprenons les r\u00e9alit\u00e9s du march\u00e9 local, les d\u00e9fis des entrepreneurs et les ambitions des marques qui veulent aller plus loin.<\/p><p>C&rsquo;est pourquoi nous offrons un accompagnement 360 degr\u00e9, combinant strat\u00e9gie, design, digital et formation, pour transformer les id\u00e9es locales en marques fortes, visibles et cr\u00e9dibles.<\/p>\t\t\t\t\t\t\t\t<\/div>\n\t\t\t\t<\/div>\n\t\t\t\t\t<\/div>\n\t\t\t\t<\/div>\n\t\t\t\t<\/div>\n\t\t","protected":false},"excerpt":{"rendered":"<p>L\u00e0 o\u00f9 la strat\u00e9gie rencontre la cr\u00e9ativit\u00e9 pour faire briller les marques Made in Congo Chez Congo pub service, notre plus grande force, c&rsquo;est notre \u00e9quipe. Une \u00e9quipe locale, une vision globale, un impact r\u00e9el Ensemble, nous rendons possible ce qui semblait impossible Nous croyons au travail collaboratif, \u00e0 la cr\u00e9ativit\u00e9 sans limites et \u00e0&#8230;<\/p>\n","protected":false},"author":1,"featured_media":0,"parent":0,"menu_order":0,"comment_status":"closed","ping_status":"closed","template":"","meta":{"content-type":"","_kad_post_transparent":"","_kad_post_title":"hide","_kad_post_layout":"fullwidth","_kad_post_sidebar_id":"","_kad_post_content_style":"unboxed","_kad_post_vertical_padding":"hide","_kad_post_feature":"hide","_kad_post_feature_position":"","_kad_post_header":false,"_kad_post_footer":false,"footnotes":""},"class_list":["post-627","page","type-page","status-publish","hentry"],"yoast_head":"<!-- This site is optimized with the Yoast SEO plugin v26.2 - https:\/\/yoast.com\/wordpress\/plugins\/seo\/ -->\n<title>Notre \u00e9quipe - Congo pub service<\/title>\n<meta name=\"robots\" content=\"index, follow, max-snippet:-1, max-image-preview:large, max-video-preview:-1\" \/>\n<link rel=\"canonical\" href=\"https:\/\/congopubservice.com\/index.php\/notre-equipe\/\" \/>\n<meta property=\"og:locale\" content=\"fr_FR\" \/>\n<meta property=\"og:type\" content=\"article\" \/>\n<meta property=\"og:title\" content=\"Notre \u00e9quipe - Congo pub service\" \/>\n<meta property=\"og:description\" content=\"L\u00e0 o\u00f9 la strat\u00e9gie rencontre la cr\u00e9ativit\u00e9 pour faire briller les marques Made in Congo Chez Congo pub service, notre plus grande force, c&rsquo;est notre \u00e9quipe. Une \u00e9quipe locale, une vision globale, un impact r\u00e9el Ensemble, nous rendons possible ce qui semblait impossible Nous croyons au travail collaboratif, \u00e0 la cr\u00e9ativit\u00e9 sans limites et \u00e0...\" \/>\n<meta property=\"og:url\" content=\"https:\/\/congopubservice.com\/index.php\/notre-equipe\/\" \/>\n<meta property=\"og:site_name\" content=\"Congo pub service\" \/>\n<meta property=\"article:publisher\" content=\"https:\/\/web.facebook.com\/profile.php?id=61579789588127\" \/>\n<meta property=\"article:modified_time\" content=\"2025-10-30T05:21:03+00:00\" \/>\n<meta property=\"og:image\" content=\"https:\/\/congopubservice.com\/wp-content\/uploads\/2025\/06\/a-cps-logo-mod.png\" \/>\n\t<meta property=\"og:image:width\" content=\"612\" \/>\n\t<meta property=\"og:image:height\" content=\"792\" \/>\n\t<meta property=\"og:image:type\" content=\"image\/png\" \/>\n<meta name=\"twitter:card\" content=\"summary_large_image\" \/>\n<script type=\"application\/ld+json\" class=\"yoast-schema-graph\">{\"@context\":\"https:\/\/schema.org\",\"@graph\":[{\"@type\":\"WebPage\",\"@id\":\"https:\/\/congopubservice.com\/index.php\/notre-equipe\/\",\"url\":\"https:\/\/congopubservice.com\/index.php\/notre-equipe\/\",\"name\":\"Notre \u00e9quipe - Congo pub service\",\"isPartOf\":{\"@id\":\"https:\/\/congopubservice.com\/#website\"},\"datePublished\":\"2025-10-29T23:31:37+00:00\",\"dateModified\":\"2025-10-30T05:21:03+00:00\",\"breadcrumb\":{\"@id\":\"https:\/\/congopubservice.com\/index.php\/notre-equipe\/#breadcrumb\"},\"inLanguage\":\"fr-FR\",\"potentialAction\":[{\"@type\":\"ReadAction\",\"target\":[\"https:\/\/congopubservice.com\/index.php\/notre-equipe\/\"]}]},{\"@type\":\"BreadcrumbList\",\"@id\":\"https:\/\/congopubservice.com\/index.php\/notre-equipe\/#breadcrumb\",\"itemListElement\":[{\"@type\":\"ListItem\",\"position\":1,\"name\":\"Accueil\",\"item\":\"https:\/\/congopubservice.com\/\"},{\"@type\":\"ListItem\",\"position\":2,\"name\":\"Notre \u00e9quipe\"}]},{\"@type\":\"WebSite\",\"@id\":\"https:\/\/congopubservice.com\/#website\",\"url\":\"https:\/\/congopubservice.com\/\",\"name\":\"Congo pub service\",\"description\":\"&quot;plus qu&#039;une agence, un levier de croissance&quot;\",\"publisher\":{\"@id\":\"https:\/\/congopubservice.com\/#organization\"},\"potentialAction\":[{\"@type\":\"SearchAction\",\"target\":{\"@type\":\"EntryPoint\",\"urlTemplate\":\"https:\/\/congopubservice.com\/?s={search_term_string}\"},\"query-input\":{\"@type\":\"PropertyValueSpecification\",\"valueRequired\":true,\"valueName\":\"search_term_string\"}}],\"inLanguage\":\"fr-FR\"},{\"@type\":\"Organization\",\"@id\":\"https:\/\/congopubservice.com\/#organization\",\"name\":\"Congo pub service\",\"url\":\"https:\/\/congopubservice.com\/\",\"logo\":{\"@type\":\"ImageObject\",\"inLanguage\":\"fr-FR\",\"@id\":\"https:\/\/congopubservice.com\/#\/schema\/logo\/image\/\",\"url\":\"https:\/\/congopubservice.com\/wp-content\/uploads\/2025\/06\/a-cps-logo-mod.png\",\"contentUrl\":\"https:\/\/congopubservice.com\/wp-content\/uploads\/2025\/06\/a-cps-logo-mod.png\",\"width\":612,\"height\":792,\"caption\":\"Congo pub service\"},\"image\":{\"@id\":\"https:\/\/congopubservice.com\/#\/schema\/logo\/image\/\"},\"sameAs\":[\"https:\/\/web.facebook.com\/profile.php?id=61579789588127\",\"https:\/\/www.linkedin.com\/feed\/\"]}]}<\/script>\n<!-- \/ Yoast SEO plugin. -->","yoast_head_json":{"title":"Notre \u00e9quipe - Congo pub service","robots":{"index":"index","follow":"follow","max-snippet":"max-snippet:-1","max-image-preview":"max-image-preview:large","max-video-preview":"max-video-preview:-1"},"canonical":"https:\/\/congopubservice.com\/index.php\/notre-equipe\/","og_locale":"fr_FR","og_type":"article","og_title":"Notre \u00e9quipe - Congo pub service","og_description":"L\u00e0 o\u00f9 la strat\u00e9gie rencontre la cr\u00e9ativit\u00e9 pour faire briller les marques Made in Congo Chez Congo pub service, notre plus grande force, c&rsquo;est notre \u00e9quipe. Une \u00e9quipe locale, une vision globale, un impact r\u00e9el Ensemble, nous rendons possible ce qui semblait impossible Nous croyons au travail collaboratif, \u00e0 la cr\u00e9ativit\u00e9 sans limites et \u00e0...","og_url":"https:\/\/congopubservice.com\/index.php\/notre-equipe\/","og_site_name":"Congo pub service","article_publisher":"https:\/\/web.facebook.com\/profile.php?id=61579789588127","article_modified_time":"2025-10-30T05:21:03+00:00","og_image":[{"width":612,"height":792,"url":"https:\/\/congopubservice.com\/wp-content\/uploads\/2025\/06\/a-cps-logo-mod.png","type":"image\/png"}],"twitter_card":"summary_large_image","schema":{"@context":"https:\/\/schema.org","@graph":[{"@type":"WebPage","@id":"https:\/\/congopubservice.com\/index.php\/notre-equipe\/","url":"https:\/\/congopubservice.com\/index.php\/notre-equipe\/","name":"Notre \u00e9quipe - Congo pub service","isPartOf":{"@id":"https:\/\/congopubservice.com\/#website"},"datePublished":"2025-10-29T23:31:37+00:00","dateModified":"2025-10-30T05:21:03+00:00","breadcrumb":{"@id":"https:\/\/congopubservice.com\/index.php\/notre-equipe\/#breadcrumb"},"inLanguage":"fr-FR","potentialAction":[{"@type":"ReadAction","target":["https:\/\/congopubservice.com\/index.php\/notre-equipe\/"]}]},{"@type":"BreadcrumbList","@id":"https:\/\/congopubservice.com\/index.php\/notre-equipe\/#breadcrumb","itemListElement":[{"@type":"ListItem","position":1,"name":"Accueil","item":"https:\/\/congopubservice.com\/"},{"@type":"ListItem","position":2,"name":"Notre \u00e9quipe"}]},{"@type":"WebSite","@id":"https:\/\/congopubservice.com\/#website","url":"https:\/\/congopubservice.com\/","name":"Congo pub service","description":"&quot;plus qu&#039;une agence, un levier de croissance&quot;","publisher":{"@id":"https:\/\/congopubservice.com\/#organization"},"potentialAction":[{"@type":"SearchAction","target":{"@type":"EntryPoint","urlTemplate":"https:\/\/congopubservice.com\/?s={search_term_string}"},"query-input":{"@type":"PropertyValueSpecification","valueRequired":true,"valueName":"search_term_string"}}],"inLanguage":"fr-FR"},{"@type":"Organization","@id":"https:\/\/congopubservice.com\/#organization","name":"Congo pub service","url":"https:\/\/congopubservice.com\/","logo":{"@type":"ImageObject","inLanguage":"fr-FR","@id":"https:\/\/congopubservice.com\/#\/schema\/logo\/image\/","url":"https:\/\/congopubservice.com\/wp-content\/uploads\/2025\/06\/a-cps-logo-mod.png","contentUrl":"https:\/\/congopubservice.com\/wp-content\/uploads\/2025\/06\/a-cps-logo-mod.png","width":612,"height":792,"caption":"Congo pub service"},"image":{"@id":"https:\/\/congopubservice.com\/#\/schema\/logo\/image\/"},"sameAs":["https:\/\/web.facebook.com\/profile.php?id=61579789588127","https:\/\/www.linkedin.com\/feed\/"]}]}},"_links":{"self":[{"href":"https:\/\/congopubservice.com\/index.php\/wp-json\/wp\/v2\/pages\/627","targetHints":{"allow":["GET"]}}],"collection":[{"href":"https:\/\/congopubservice.com\/index.php\/wp-json\/wp\/v2\/pages"}],"about":[{"href":"https:\/\/congopubservice.com\/index.php\/wp-json\/wp\/v2\/types\/page"}],"author":[{"embeddable":true,"href":"https:\/\/congopubservice.com\/index.php\/wp-json\/wp\/v2\/users\/1"}],"replies":[{"embeddable":true,"href":"https:\/\/congopubservice.com\/index.php\/wp-json\/wp\/v2\/comments?post=627"}],"version-history":[{"count":19,"href":"https:\/\/congopubservice.com\/index.php\/wp-json\/wp\/v2\/pages\/627\/revisions"}],"predecessor-version":[{"id":657,"href":"https:\/\/congopubservice.com\/index.php\/wp-json\/wp\/v2\/pages\/627\/revisions\/657"}],"wp:attachment":[{"href":"https:\/\/congopubservice.com\/index.php\/wp-json\/wp\/v2\/media?parent=627"}],"curies":[{"name":"wp","href":"https:\/\/api.w.org\/{rel}","templated":true}]}}