{"id":513,"date":"2025-10-27T22:12:16","date_gmt":"2025-10-27T22:12:16","guid":{"rendered":"https:\/\/congopubservice.com\/?page_id=513"},"modified":"2025-10-30T20:46:28","modified_gmt":"2025-10-30T20:46:28","slug":"design-graphique","status":"publish","type":"page","link":"https:\/\/congopubservice.com\/index.php\/design-graphique\/","title":{"rendered":"Design graphique"},"content":{"rendered":"\t\t<div data-elementor-type=\"wp-page\" data-elementor-id=\"513\" class=\"elementor elementor-513\">\n\t\t\t\t<div class=\"elementor-element elementor-element-364f87e e-flex e-con-boxed e-con e-parent\" data-id=\"364f87e\" data-element_type=\"container\" data-settings=\"{&quot;background_background&quot;:&quot;classic&quot;,&quot;shape_divider_bottom&quot;:&quot;opacity-fan&quot;}\">\n\t\t\t\t\t<div class=\"e-con-inner\">\n\t\t\t\t<div class=\"elementor-shape elementor-shape-bottom\" aria-hidden=\"true\" data-negative=\"false\">\n\t\t\t<svg xmlns=\"http:\/\/www.w3.org\/2000\/svg\" viewBox=\"0 0 283.5 19.6\" preserveAspectRatio=\"none\">\n\t<path class=\"elementor-shape-fill\" style=\"opacity:0.33\" d=\"M0 0L0 18.8 141.8 4.1 283.5 18.8 283.5 0z\"\/>\n\t<path class=\"elementor-shape-fill\" style=\"opacity:0.33\" d=\"M0 0L0 12.6 141.8 4 283.5 12.6 283.5 0z\"\/>\n\t<path class=\"elementor-shape-fill\" style=\"opacity:0.33\" d=\"M0 0L0 6.4 141.8 4 283.5 6.4 283.5 0z\"\/>\n\t<path class=\"elementor-shape-fill\" d=\"M0 0L0 1.2 141.8 4 283.5 1.2 283.5 0z\"\/>\n<\/svg>\t\t<\/div>\n\t\t\t\t<div class=\"elementor-element elementor-element-010f6bb elementor-widget elementor-widget-heading\" data-id=\"010f6bb\" data-element_type=\"widget\" data-widget_type=\"heading.default\">\n\t\t\t\t<div class=\"elementor-widget-container\">\n\t\t\t\t\t<h3 class=\"elementor-heading-title elementor-size-default\">Le design graphique: un outil puissant pour construire l'image des marques congolaises<\/h3>\t\t\t\t<\/div>\n\t\t\t\t<\/div>\n\t\t\t\t\t<\/div>\n\t\t\t\t<\/div>\n\t\t<div class=\"elementor-element elementor-element-d1f12e5 e-flex e-con-boxed e-con e-parent\" data-id=\"d1f12e5\" data-element_type=\"container\">\n\t\t\t\t\t<div class=\"e-con-inner\">\n\t\t\t\t<div class=\"elementor-element elementor-element-7aa1bb9 elementor-invisible elementor-widget elementor-widget-heading\" data-id=\"7aa1bb9\" data-element_type=\"widget\" data-settings=\"{&quot;_animation&quot;:&quot;fadeInDown&quot;}\" data-widget_type=\"heading.default\">\n\t\t\t\t<div class=\"elementor-widget-container\">\n\t\t\t\t\t<h2 class=\"elementor-heading-title elementor-size-default\">Valoriser le Congo \u00e0 travers le branding: un d\u00e9fi, une mission<\/h2>\t\t\t\t<\/div>\n\t\t\t\t<\/div>\n\t\t\t\t\t<\/div>\n\t\t\t\t<\/div>\n\t\t<div class=\"elementor-element elementor-element-299c359 e-flex e-con-boxed e-con e-parent\" data-id=\"299c359\" data-element_type=\"container\" data-settings=\"{&quot;background_background&quot;:&quot;classic&quot;}\">\n\t\t\t\t\t<div class=\"e-con-inner\">\n\t\t<div class=\"elementor-element elementor-element-c4421f2 e-con-full e-flex elementor-invisible e-con e-child\" data-id=\"c4421f2\" data-element_type=\"container\" data-settings=\"{&quot;background_background&quot;:&quot;classic&quot;,&quot;animation&quot;:&quot;fadeInLeft&quot;}\">\n\t\t\t\t<div class=\"elementor-element elementor-element-d7423b5 elementor-widget elementor-widget-text-editor\" data-id=\"d7423b5\" data-element_type=\"widget\" data-widget_type=\"text-editor.default\">\n\t\t\t\t<div class=\"elementor-widget-container\">\n\t\t\t\t\t\t\t\t\t<p>Dans un monde o\u00f9 la premi\u00e8re impression compte plus que jamais, le design graphique joue un r\u00f4le essentiel dans la r\u00e9ussite d&rsquo;une marque.<\/p><p>\u00a0<\/p><p>Avant m\u00eame qu&rsquo;un client n&rsquo;essaie un produit ou un service, il voit une identit\u00e9 visuelle: un logo, des couleurs, un style, un ton. C&rsquo;est cette image qui attire, rassure et donne confiance.<\/p><p>\u00a0<\/p><p>\u00a0<\/p>\t\t\t\t\t\t\t\t<\/div>\n\t\t\t\t<\/div>\n\t\t\t\t<\/div>\n\t\t<div class=\"elementor-element elementor-element-574a868 e-con-full e-flex e-con e-child\" data-id=\"574a868\" data-element_type=\"container\">\n\t\t\t\t<\/div>\n\t\t\t\t\t<\/div>\n\t\t\t\t<\/div>\n\t\t<div class=\"elementor-element elementor-element-5e2091f e-transform e-transform e-flex e-con-boxed e-con e-parent\" data-id=\"5e2091f\" data-element_type=\"container\" data-settings=\"{&quot;background_background&quot;:&quot;classic&quot;,&quot;_transform_rotateZ_effect&quot;:{&quot;unit&quot;:&quot;px&quot;,&quot;size&quot;:-15,&quot;sizes&quot;:[]},&quot;_transform_translateX_effect&quot;:{&quot;unit&quot;:&quot;px&quot;,&quot;size&quot;:-19,&quot;sizes&quot;:[]},&quot;_transform_translateY_effect&quot;:{&quot;unit&quot;:&quot;px&quot;,&quot;size&quot;:168,&quot;sizes&quot;:[]},&quot;_transform_rotateZ_effect_tablet&quot;:{&quot;unit&quot;:&quot;deg&quot;,&quot;size&quot;:&quot;&quot;,&quot;sizes&quot;:[]},&quot;_transform_rotateZ_effect_mobile&quot;:{&quot;unit&quot;:&quot;deg&quot;,&quot;size&quot;:&quot;&quot;,&quot;sizes&quot;:[]},&quot;_transform_translateX_effect_tablet&quot;:{&quot;unit&quot;:&quot;px&quot;,&quot;size&quot;:&quot;&quot;,&quot;sizes&quot;:[]},&quot;_transform_translateX_effect_mobile&quot;:{&quot;unit&quot;:&quot;px&quot;,&quot;size&quot;:&quot;&quot;,&quot;sizes&quot;:[]},&quot;_transform_translateY_effect_tablet&quot;:{&quot;unit&quot;:&quot;px&quot;,&quot;size&quot;:&quot;&quot;,&quot;sizes&quot;:[]},&quot;_transform_translateY_effect_mobile&quot;:{&quot;unit&quot;:&quot;px&quot;,&quot;size&quot;:&quot;&quot;,&quot;sizes&quot;:[]}}\">\n\t\t\t\t\t<div class=\"e-con-inner\">\n\t\t\t\t<div class=\"elementor-element elementor-element-63b4428 elementor-widget elementor-widget-heading\" data-id=\"63b4428\" data-element_type=\"widget\" data-widget_type=\"heading.default\">\n\t\t\t\t<div class=\"elementor-widget-container\">\n\t\t\t\t\t<h2 class=\"elementor-heading-title elementor-size-default\">\"Un bon design, \nc'est plus qu'un beau visuel: <br>c'est un message clair,\nune identit\u00e9 coh\u00e9rente et \nune \u00e9motion ressentie\"<\/h2>\t\t\t\t<\/div>\n\t\t\t\t<\/div>\n\t\t\t\t\t<\/div>\n\t\t\t\t<\/div>\n\t\t<div class=\"elementor-element elementor-element-f1b224e e-flex e-con-boxed e-con e-parent\" data-id=\"f1b224e\" data-element_type=\"container\" data-settings=\"{&quot;background_background&quot;:&quot;classic&quot;}\">\n\t\t\t\t\t<div class=\"e-con-inner\">\n\t\t<div class=\"elementor-element elementor-element-6848c96 e-con-full e-transform e-flex e-con e-child\" data-id=\"6848c96\" data-element_type=\"container\" data-settings=\"{&quot;background_background&quot;:&quot;classic&quot;,&quot;_transform_scaleX_effect&quot;:{&quot;unit&quot;:&quot;px&quot;,&quot;size&quot;:1.600000000000000088817841970012523233890533447265625,&quot;sizes&quot;:[]},&quot;_transform_scaleY_effect&quot;:{&quot;unit&quot;:&quot;px&quot;,&quot;size&quot;:1.899999999999999911182158029987476766109466552734375,&quot;sizes&quot;:[]},&quot;_transform_scaleX_effect_tablet&quot;:{&quot;unit&quot;:&quot;px&quot;,&quot;size&quot;:&quot;&quot;,&quot;sizes&quot;:[]},&quot;_transform_scaleX_effect_mobile&quot;:{&quot;unit&quot;:&quot;px&quot;,&quot;size&quot;:&quot;&quot;,&quot;sizes&quot;:[]},&quot;_transform_scaleY_effect_tablet&quot;:{&quot;unit&quot;:&quot;px&quot;,&quot;size&quot;:&quot;&quot;,&quot;sizes&quot;:[]},&quot;_transform_scaleY_effect_mobile&quot;:{&quot;unit&quot;:&quot;px&quot;,&quot;size&quot;:&quot;&quot;,&quot;sizes&quot;:[]}}\">\n\t\t\t\t<\/div>\n\t\t<div class=\"elementor-element elementor-element-055233d e-con-full e-transform e-flex elementor-invisible e-con e-child\" data-id=\"055233d\" data-element_type=\"container\" data-settings=\"{&quot;background_background&quot;:&quot;classic&quot;,&quot;animation&quot;:&quot;zoomIn&quot;,&quot;_transform_scaleX_effect&quot;:{&quot;unit&quot;:&quot;px&quot;,&quot;size&quot;:1.600000000000000088817841970012523233890533447265625,&quot;sizes&quot;:[]},&quot;_transform_scaleY_effect&quot;:{&quot;unit&quot;:&quot;px&quot;,&quot;size&quot;:1.899999999999999911182158029987476766109466552734375,&quot;sizes&quot;:[]},&quot;_transform_scaleX_effect_tablet&quot;:{&quot;unit&quot;:&quot;px&quot;,&quot;size&quot;:&quot;&quot;,&quot;sizes&quot;:[]},&quot;_transform_scaleX_effect_mobile&quot;:{&quot;unit&quot;:&quot;px&quot;,&quot;size&quot;:&quot;&quot;,&quot;sizes&quot;:[]},&quot;_transform_scaleY_effect_tablet&quot;:{&quot;unit&quot;:&quot;px&quot;,&quot;size&quot;:&quot;&quot;,&quot;sizes&quot;:[]},&quot;_transform_scaleY_effect_mobile&quot;:{&quot;unit&quot;:&quot;px&quot;,&quot;size&quot;:&quot;&quot;,&quot;sizes&quot;:[]}}\">\n\t\t\t\t<\/div>\n\t\t\t\t\t<\/div>\n\t\t\t\t<\/div>\n\t\t<div class=\"elementor-element elementor-element-23b019e e-flex e-con-boxed e-con e-parent\" data-id=\"23b019e\" data-element_type=\"container\" data-settings=\"{&quot;background_background&quot;:&quot;classic&quot;}\">\n\t\t\t\t\t<div class=\"e-con-inner\">\n\t\t<div class=\"elementor-element elementor-element-94c36e0 e-con-full e-flex e-con e-child\" data-id=\"94c36e0\" data-element_type=\"container\">\n\t\t\t\t<\/div>\n\t\t<div class=\"elementor-element elementor-element-9d3b115 e-con-full e-flex elementor-invisible e-con e-child\" data-id=\"9d3b115\" data-element_type=\"container\" data-settings=\"{&quot;background_background&quot;:&quot;classic&quot;,&quot;animation&quot;:&quot;rotateInUpLeft&quot;}\">\n\t\t\t\t<div class=\"elementor-element elementor-element-5022c3c elementor-widget elementor-widget-heading\" data-id=\"5022c3c\" data-element_type=\"widget\" data-widget_type=\"heading.default\">\n\t\t\t\t<div class=\"elementor-widget-container\">\n\t\t\t\t\t<h2 class=\"elementor-heading-title elementor-size-default\">Pourquoi le design graphique est crucial pour les marques congolaises ?<\/h2>\t\t\t\t<\/div>\n\t\t\t\t<\/div>\n\t\t\t\t<div class=\"elementor-element elementor-element-09711aa elementor-widget elementor-widget-text-editor\" data-id=\"09711aa\" data-element_type=\"widget\" data-widget_type=\"text-editor.default\">\n\t\t\t\t<div class=\"elementor-widget-container\">\n\t\t\t\t\t\t\t\t\t<p>Les marques locales doivent se battre pour gagner la confiance des consommateurs dans un march\u00e9 domin\u00e9 par les produits import\u00e9s.&nbsp;<\/p>\n<p>Le design est la signature visuelle de votre entreprise. Il influence directement la perception de vos clients et partenaires. Un design soign\u00e9 permet de donner une image professionnelle et cr\u00e9dible \u00e0 votre marque et surtout, valoriser le Made in Congo.<\/p>\n<p>Notre mission est d&rsquo;aider les entreprises congolaises \u00e0 b\u00e2tir des identit\u00e9s visuelles fortes qui racontent leur histoire et refl\u00e8tent leurs valeurs.&nbsp;<\/p>\t\t\t\t\t\t\t\t<\/div>\n\t\t\t\t<\/div>\n\t\t\t\t<\/div>\n\t\t\t\t\t<\/div>\n\t\t\t\t<\/div>\n\t\t<div class=\"elementor-element elementor-element-a5dc1b3 e-flex e-con-boxed e-con e-parent\" data-id=\"a5dc1b3\" data-element_type=\"container\" data-settings=\"{&quot;background_background&quot;:&quot;classic&quot;}\">\n\t\t\t\t\t<div class=\"e-con-inner\">\n\t\t\t\t<div class=\"elementor-element elementor-element-2155884 elementor-widget elementor-widget-heading\" data-id=\"2155884\" data-element_type=\"widget\" data-widget_type=\"heading.default\">\n\t\t\t\t<div class=\"elementor-widget-container\">\n\t\t\t\t\t<h1 class=\"elementor-heading-title elementor-size-default\">Rendre le design congolais plus moderne, plus coh\u00e9rent et plus comp\u00e9titif \u00e0 l'\u00e9chelle africaine et internationale.<\/h1>\t\t\t\t<\/div>\n\t\t\t\t<\/div>\n\t\t\t\t\t<\/div>\n\t\t\t\t<\/div>\n\t\t<div class=\"elementor-element elementor-element-7bcdfd8 e-flex e-con-boxed e-con e-parent\" data-id=\"7bcdfd8\" data-element_type=\"container\" data-settings=\"{&quot;background_background&quot;:&quot;classic&quot;}\">\n\t\t\t\t\t<div class=\"e-con-inner\">\n\t\t\t\t\t<\/div>\n\t\t\t\t<\/div>\n\t\t<div class=\"elementor-element elementor-element-3defe7b e-flex e-con-boxed e-con e-parent\" data-id=\"3defe7b\" data-element_type=\"container\">\n\t\t\t\t\t<div class=\"e-con-inner\">\n\t\t<div class=\"elementor-element elementor-element-7387a46 e-con-full e-flex elementor-invisible e-con e-child\" data-id=\"7387a46\" data-element_type=\"container\" data-settings=\"{&quot;animation&quot;:&quot;fadeInDown&quot;}\">\n\t\t\t\t<div class=\"elementor-element elementor-element-420302d elementor-widget elementor-widget-text-editor\" data-id=\"420302d\" data-element_type=\"widget\" data-widget_type=\"text-editor.default\">\n\t\t\t\t<div class=\"elementor-widget-container\">\n\t\t\t\t\t\t\t\t\t<p>Nos services incluent:<\/p>\n<ul>\n<li>Cr\u00e9ation d&rsquo;identit\u00e9 visuelle compl\u00e8te (logo, charte graphique, d\u00e9clinaisons);<\/li>\n<li>Conception de supports publicitaires imprim\u00e9s et digitaux;<\/li>\n<li>Design pour les r\u00e9seaux sociaux et les campagnes digitales;<\/li>\n<li>Packaging et branding produits Made in Congo;<\/li>\n<li>Formations et ateliers cr\u00e9atifs pour initier les entrepreneurs \u00e0 la culture du design professionnel&nbsp;<\/li><\/ul>\t\t\t\t\t\t\t\t<\/div>\n\t\t\t\t<\/div>\n\t\t\t\t<\/div>\n\t\t\t\t\t<\/div>\n\t\t\t\t<\/div>\n\t\t<div class=\"elementor-element elementor-element-30e50eb e-flex e-con-boxed e-con e-parent\" data-id=\"30e50eb\" data-element_type=\"container\" data-settings=\"{&quot;background_background&quot;:&quot;classic&quot;}\">\n\t\t\t\t\t<div class=\"e-con-inner\">\n\t\t\t\t<div class=\"elementor-element elementor-element-b08653e elementor-widget elementor-widget-text-editor\" data-id=\"b08653e\" data-element_type=\"widget\" data-widget_type=\"text-editor.default\">\n\t\t\t\t<div class=\"elementor-widget-container\">\n\t\t\t\t\t\t\t\t\t<p>Votre marque m\u00e9rite mieux qu&rsquo;un logo improvis\u00e9. Donnez-lui une identit\u00e9 visuelle professionnelle et percutante avec l&rsquo;\u00e9quipe cr\u00e9ative de Congo Pub Service. Contactez-nous d\u00e8s aujourd&rsquo;hui pour un accompagnement personnalis\u00e9 en design graphique et strat\u00e9gie visuelle.<\/p>\t\t\t\t\t\t\t\t<\/div>\n\t\t\t\t<\/div>\n\t\t\t\t<div class=\"elementor-element elementor-element-9b46bbc elementor-icon-list--layout-traditional elementor-list-item-link-full_width elementor-widget elementor-widget-icon-list\" data-id=\"9b46bbc\" data-element_type=\"widget\" data-widget_type=\"icon-list.default\">\n\t\t\t\t<div class=\"elementor-widget-container\">\n\t\t\t\t\t\t\t<ul class=\"elementor-icon-list-items\">\n\t\t\t\t\t\t\t<li class=\"elementor-icon-list-item\">\n\t\t\t\t\t\t\t\t\t\t\t<span class=\"elementor-icon-list-icon\">\n\t\t\t\t\t\t\t<svg aria-hidden=\"true\" class=\"e-font-icon-svg e-far-envelope\" viewBox=\"0 0 512 512\" xmlns=\"http:\/\/www.w3.org\/2000\/svg\"><path d=\"M464 64H48C21.49 64 0 85.49 0 112v288c0 26.51 21.49 48 48 48h416c26.51 0 48-21.49 48-48V112c0-26.51-21.49-48-48-48zm0 48v40.805c-22.422 18.259-58.168 46.651-134.587 106.49-16.841 13.247-50.201 45.072-73.413 44.701-23.208.375-56.579-31.459-73.413-44.701C106.18 199.465 70.425 171.067 48 152.805V112h416zM48 400V214.398c22.914 18.251 55.409 43.862 104.938 82.646 21.857 17.205 60.134 55.186 103.062 54.955 42.717.231 80.509-37.199 103.053-54.947 49.528-38.783 82.032-64.401 104.947-82.653V400H48z\"><\/path><\/svg>\t\t\t\t\t\t<\/span>\n\t\t\t\t\t\t\t\t\t\t<span class=\"elementor-icon-list-text\">E-mail: congopub@congopubservice.com<\/span>\n\t\t\t\t\t\t\t\t\t<\/li>\n\t\t\t\t\t\t\t\t<li class=\"elementor-icon-list-item\">\n\t\t\t\t\t\t\t\t\t\t\t<span class=\"elementor-icon-list-icon\">\n\t\t\t\t\t\t\t<svg aria-hidden=\"true\" class=\"e-font-icon-svg e-fas-phone-alt\" viewBox=\"0 0 512 512\" xmlns=\"http:\/\/www.w3.org\/2000\/svg\"><path d=\"M497.39 361.8l-112-48a24 24 0 0 0-28 6.9l-49.6 60.6A370.66 370.66 0 0 1 130.6 204.11l60.6-49.6a23.94 23.94 0 0 0 6.9-28l-48-112A24.16 24.16 0 0 0 122.6.61l-104 24A24 24 0 0 0 0 48c0 256.5 207.9 464 464 464a24 24 0 0 0 23.4-18.6l24-104a24.29 24.29 0 0 0-14.01-27.6z\"><\/path><\/svg>\t\t\t\t\t\t<\/span>\n\t\t\t\t\t\t\t\t\t\t<span class=\"elementor-icon-list-text\">T\u00e9l: +243 81 35 62 724<\/span>\n\t\t\t\t\t\t\t\t\t<\/li>\n\t\t\t\t\t\t\t\t<li class=\"elementor-icon-list-item\">\n\t\t\t\t\t\t\t\t\t\t\t<span class=\"elementor-icon-list-icon\">\n\t\t\t\t\t\t\t<svg aria-hidden=\"true\" class=\"e-font-icon-svg e-fab-facebook-f\" viewBox=\"0 0 320 512\" xmlns=\"http:\/\/www.w3.org\/2000\/svg\"><path d=\"M279.14 288l14.22-92.66h-88.91v-60.13c0-25.35 12.42-50.06 52.24-50.06h40.42V6.26S260.43 0 225.36 0c-73.22 0-121.08 44.38-121.08 124.72v70.62H22.89V288h81.39v224h100.17V288z\"><\/path><\/svg>\t\t\t\t\t\t<\/span>\n\t\t\t\t\t\t\t\t\t\t<span class=\"elementor-icon-list-text\">congo pub service<\/span>\n\t\t\t\t\t\t\t\t\t<\/li>\n\t\t\t\t\t\t<\/ul>\n\t\t\t\t\t\t<\/div>\n\t\t\t\t<\/div>\n\t\t\t\t\t<\/div>\n\t\t\t\t<\/div>\n\t\t\t\t<\/div>\n\t\t","protected":false},"excerpt":{"rendered":"<p>Le design graphique: un outil puissant pour construire l&rsquo;image des marques congolaises Valoriser le Congo \u00e0 travers le branding: un d\u00e9fi, une mission Dans un monde o\u00f9 la premi\u00e8re impression compte plus que jamais, le design graphique joue un r\u00f4le essentiel dans la r\u00e9ussite d&rsquo;une marque. \u00a0 Avant m\u00eame qu&rsquo;un client n&rsquo;essaie un produit ou&#8230;<\/p>\n","protected":false},"author":1,"featured_media":0,"parent":0,"menu_order":0,"comment_status":"closed","ping_status":"closed","template":"","meta":{"content-type":"","_kad_post_transparent":"","_kad_post_title":"hide","_kad_post_layout":"fullwidth","_kad_post_sidebar_id":"","_kad_post_content_style":"unboxed","_kad_post_vertical_padding":"hide","_kad_post_feature":"hide","_kad_post_feature_position":"","_kad_post_header":false,"_kad_post_footer":false,"footnotes":""},"class_list":["post-513","page","type-page","status-publish","hentry"],"yoast_head":"<!-- This site is optimized with the Yoast SEO plugin v26.2 - https:\/\/yoast.com\/wordpress\/plugins\/seo\/ -->\n<title>Design graphique - Congo pub service<\/title>\n<meta name=\"robots\" content=\"index, follow, max-snippet:-1, max-image-preview:large, max-video-preview:-1\" \/>\n<link rel=\"canonical\" href=\"https:\/\/congopubservice.com\/index.php\/design-graphique\/\" \/>\n<meta property=\"og:locale\" content=\"fr_FR\" \/>\n<meta property=\"og:type\" content=\"article\" \/>\n<meta property=\"og:title\" content=\"Design graphique - Congo pub service\" \/>\n<meta property=\"og:description\" content=\"Le design graphique: un outil puissant pour construire l&rsquo;image des marques congolaises Valoriser le Congo \u00e0 travers le branding: un d\u00e9fi, une mission Dans un monde o\u00f9 la premi\u00e8re impression compte plus que jamais, le design graphique joue un r\u00f4le essentiel dans la r\u00e9ussite d&rsquo;une marque. \u00a0 Avant m\u00eame qu&rsquo;un client n&rsquo;essaie un produit ou...\" \/>\n<meta property=\"og:url\" content=\"https:\/\/congopubservice.com\/index.php\/design-graphique\/\" \/>\n<meta property=\"og:site_name\" content=\"Congo pub service\" \/>\n<meta property=\"article:publisher\" content=\"https:\/\/web.facebook.com\/profile.php?id=61579789588127\" \/>\n<meta property=\"article:modified_time\" content=\"2025-10-30T20:46:28+00:00\" \/>\n<meta property=\"og:image\" content=\"https:\/\/congopubservice.com\/wp-content\/uploads\/2025\/06\/a-cps-logo-mod.png\" \/>\n\t<meta property=\"og:image:width\" content=\"612\" \/>\n\t<meta property=\"og:image:height\" content=\"792\" \/>\n\t<meta property=\"og:image:type\" content=\"image\/png\" \/>\n<meta name=\"twitter:card\" content=\"summary_large_image\" \/>\n<meta name=\"twitter:label1\" content=\"Dur\u00e9e de lecture estim\u00e9e\" \/>\n\t<meta name=\"twitter:data1\" content=\"2 minutes\" \/>\n<script type=\"application\/ld+json\" class=\"yoast-schema-graph\">{\"@context\":\"https:\/\/schema.org\",\"@graph\":[{\"@type\":\"WebPage\",\"@id\":\"https:\/\/congopubservice.com\/index.php\/design-graphique\/\",\"url\":\"https:\/\/congopubservice.com\/index.php\/design-graphique\/\",\"name\":\"Design graphique - Congo pub service\",\"isPartOf\":{\"@id\":\"https:\/\/congopubservice.com\/#website\"},\"datePublished\":\"2025-10-27T22:12:16+00:00\",\"dateModified\":\"2025-10-30T20:46:28+00:00\",\"breadcrumb\":{\"@id\":\"https:\/\/congopubservice.com\/index.php\/design-graphique\/#breadcrumb\"},\"inLanguage\":\"fr-FR\",\"potentialAction\":[{\"@type\":\"ReadAction\",\"target\":[\"https:\/\/congopubservice.com\/index.php\/design-graphique\/\"]}]},{\"@type\":\"BreadcrumbList\",\"@id\":\"https:\/\/congopubservice.com\/index.php\/design-graphique\/#breadcrumb\",\"itemListElement\":[{\"@type\":\"ListItem\",\"position\":1,\"name\":\"Accueil\",\"item\":\"https:\/\/congopubservice.com\/\"},{\"@type\":\"ListItem\",\"position\":2,\"name\":\"Design graphique\"}]},{\"@type\":\"WebSite\",\"@id\":\"https:\/\/congopubservice.com\/#website\",\"url\":\"https:\/\/congopubservice.com\/\",\"name\":\"Congo pub service\",\"description\":\"&quot;plus qu&#039;une agence, un levier de croissance&quot;\",\"publisher\":{\"@id\":\"https:\/\/congopubservice.com\/#organization\"},\"potentialAction\":[{\"@type\":\"SearchAction\",\"target\":{\"@type\":\"EntryPoint\",\"urlTemplate\":\"https:\/\/congopubservice.com\/?s={search_term_string}\"},\"query-input\":{\"@type\":\"PropertyValueSpecification\",\"valueRequired\":true,\"valueName\":\"search_term_string\"}}],\"inLanguage\":\"fr-FR\"},{\"@type\":\"Organization\",\"@id\":\"https:\/\/congopubservice.com\/#organization\",\"name\":\"Congo pub service\",\"url\":\"https:\/\/congopubservice.com\/\",\"logo\":{\"@type\":\"ImageObject\",\"inLanguage\":\"fr-FR\",\"@id\":\"https:\/\/congopubservice.com\/#\/schema\/logo\/image\/\",\"url\":\"https:\/\/congopubservice.com\/wp-content\/uploads\/2025\/06\/a-cps-logo-mod.png\",\"contentUrl\":\"https:\/\/congopubservice.com\/wp-content\/uploads\/2025\/06\/a-cps-logo-mod.png\",\"width\":612,\"height\":792,\"caption\":\"Congo pub service\"},\"image\":{\"@id\":\"https:\/\/congopubservice.com\/#\/schema\/logo\/image\/\"},\"sameAs\":[\"https:\/\/web.facebook.com\/profile.php?id=61579789588127\",\"https:\/\/www.linkedin.com\/feed\/\"]}]}<\/script>\n<!-- \/ Yoast SEO plugin. -->","yoast_head_json":{"title":"Design graphique - Congo pub service","robots":{"index":"index","follow":"follow","max-snippet":"max-snippet:-1","max-image-preview":"max-image-preview:large","max-video-preview":"max-video-preview:-1"},"canonical":"https:\/\/congopubservice.com\/index.php\/design-graphique\/","og_locale":"fr_FR","og_type":"article","og_title":"Design graphique - Congo pub service","og_description":"Le design graphique: un outil puissant pour construire l&rsquo;image des marques congolaises Valoriser le Congo \u00e0 travers le branding: un d\u00e9fi, une mission Dans un monde o\u00f9 la premi\u00e8re impression compte plus que jamais, le design graphique joue un r\u00f4le essentiel dans la r\u00e9ussite d&rsquo;une marque. \u00a0 Avant m\u00eame qu&rsquo;un client n&rsquo;essaie un produit ou...","og_url":"https:\/\/congopubservice.com\/index.php\/design-graphique\/","og_site_name":"Congo pub service","article_publisher":"https:\/\/web.facebook.com\/profile.php?id=61579789588127","article_modified_time":"2025-10-30T20:46:28+00:00","og_image":[{"width":612,"height":792,"url":"https:\/\/congopubservice.com\/wp-content\/uploads\/2025\/06\/a-cps-logo-mod.png","type":"image\/png"}],"twitter_card":"summary_large_image","twitter_misc":{"Dur\u00e9e de lecture estim\u00e9e":"2 minutes"},"schema":{"@context":"https:\/\/schema.org","@graph":[{"@type":"WebPage","@id":"https:\/\/congopubservice.com\/index.php\/design-graphique\/","url":"https:\/\/congopubservice.com\/index.php\/design-graphique\/","name":"Design graphique - Congo pub service","isPartOf":{"@id":"https:\/\/congopubservice.com\/#website"},"datePublished":"2025-10-27T22:12:16+00:00","dateModified":"2025-10-30T20:46:28+00:00","breadcrumb":{"@id":"https:\/\/congopubservice.com\/index.php\/design-graphique\/#breadcrumb"},"inLanguage":"fr-FR","potentialAction":[{"@type":"ReadAction","target":["https:\/\/congopubservice.com\/index.php\/design-graphique\/"]}]},{"@type":"BreadcrumbList","@id":"https:\/\/congopubservice.com\/index.php\/design-graphique\/#breadcrumb","itemListElement":[{"@type":"ListItem","position":1,"name":"Accueil","item":"https:\/\/congopubservice.com\/"},{"@type":"ListItem","position":2,"name":"Design graphique"}]},{"@type":"WebSite","@id":"https:\/\/congopubservice.com\/#website","url":"https:\/\/congopubservice.com\/","name":"Congo pub service","description":"&quot;plus qu&#039;une agence, un levier de croissance&quot;","publisher":{"@id":"https:\/\/congopubservice.com\/#organization"},"potentialAction":[{"@type":"SearchAction","target":{"@type":"EntryPoint","urlTemplate":"https:\/\/congopubservice.com\/?s={search_term_string}"},"query-input":{"@type":"PropertyValueSpecification","valueRequired":true,"valueName":"search_term_string"}}],"inLanguage":"fr-FR"},{"@type":"Organization","@id":"https:\/\/congopubservice.com\/#organization","name":"Congo pub service","url":"https:\/\/congopubservice.com\/","logo":{"@type":"ImageObject","inLanguage":"fr-FR","@id":"https:\/\/congopubservice.com\/#\/schema\/logo\/image\/","url":"https:\/\/congopubservice.com\/wp-content\/uploads\/2025\/06\/a-cps-logo-mod.png","contentUrl":"https:\/\/congopubservice.com\/wp-content\/uploads\/2025\/06\/a-cps-logo-mod.png","width":612,"height":792,"caption":"Congo pub service"},"image":{"@id":"https:\/\/congopubservice.com\/#\/schema\/logo\/image\/"},"sameAs":["https:\/\/web.facebook.com\/profile.php?id=61579789588127","https:\/\/www.linkedin.com\/feed\/"]}]}},"_links":{"self":[{"href":"https:\/\/congopubservice.com\/index.php\/wp-json\/wp\/v2\/pages\/513","targetHints":{"allow":["GET"]}}],"collection":[{"href":"https:\/\/congopubservice.com\/index.php\/wp-json\/wp\/v2\/pages"}],"about":[{"href":"https:\/\/congopubservice.com\/index.php\/wp-json\/wp\/v2\/types\/page"}],"author":[{"embeddable":true,"href":"https:\/\/congopubservice.com\/index.php\/wp-json\/wp\/v2\/users\/1"}],"replies":[{"embeddable":true,"href":"https:\/\/congopubservice.com\/index.php\/wp-json\/wp\/v2\/comments?post=513"}],"version-history":[{"count":37,"href":"https:\/\/congopubservice.com\/index.php\/wp-json\/wp\/v2\/pages\/513\/revisions"}],"predecessor-version":[{"id":675,"href":"https:\/\/congopubservice.com\/index.php\/wp-json\/wp\/v2\/pages\/513\/revisions\/675"}],"wp:attachment":[{"href":"https:\/\/congopubservice.com\/index.php\/wp-json\/wp\/v2\/media?parent=513"}],"curies":[{"name":"wp","href":"https:\/\/api.w.org\/{rel}","templated":true}]}}