{"id":493,"date":"2025-10-27T21:07:01","date_gmt":"2025-10-27T21:07:01","guid":{"rendered":"https:\/\/congopubservice.com\/?page_id=493"},"modified":"2025-11-12T14:27:56","modified_gmt":"2025-11-12T14:27:56","slug":"marketing-digital-et-reseaux-sociaux","status":"publish","type":"page","link":"https:\/\/congopubservice.com\/index.php\/marketing-digital-et-reseaux-sociaux\/","title":{"rendered":"Marketing digital et r\u00e9seaux sociaux"},"content":{"rendered":"\t\t<div data-elementor-type=\"wp-page\" data-elementor-id=\"493\" class=\"elementor elementor-493\">\n\t\t\t\t<div class=\"elementor-element elementor-element-026931a e-flex e-con-boxed e-con e-parent\" data-id=\"026931a\" data-element_type=\"container\">\n\t\t\t\t\t<div class=\"e-con-inner\">\n\t\t\t\t<div class=\"elementor-element elementor-element-5aacc04 elementor-widget-divider--view-line elementor-widget elementor-widget-divider\" data-id=\"5aacc04\" data-element_type=\"widget\" data-widget_type=\"divider.default\">\n\t\t\t\t<div class=\"elementor-widget-container\">\n\t\t\t\t\t\t\t<div class=\"elementor-divider\">\n\t\t\t<span class=\"elementor-divider-separator\">\n\t\t\t\t\t\t<\/span>\n\t\t<\/div>\n\t\t\t\t\t\t<\/div>\n\t\t\t\t<\/div>\n\t\t\t\t\t<\/div>\n\t\t\t\t<\/div>\n\t\t<div class=\"elementor-element elementor-element-60402df e-flex e-con-boxed e-con e-parent\" data-id=\"60402df\" data-element_type=\"container\" data-settings=\"{&quot;background_background&quot;:&quot;classic&quot;}\">\n\t\t\t\t\t<div class=\"e-con-inner\">\n\t\t\t\t<div class=\"elementor-element elementor-element-6a1dca6 elementor-widget elementor-widget-heading\" data-id=\"6a1dca6\" data-element_type=\"widget\" data-widget_type=\"heading.default\">\n\t\t\t\t<div class=\"elementor-widget-container\">\n\t\t\t\t\t<h2 class=\"elementor-heading-title elementor-size-default\">Le marketing digital et les r\u00e9seaux sociaux: des leviers essentiels pour les marques congolaise<\/h2>\t\t\t\t<\/div>\n\t\t\t\t<\/div>\n\t\t\t\t\t<\/div>\n\t\t\t\t<\/div>\n\t\t<div class=\"elementor-element elementor-element-e9c33f0 e-flex e-con-boxed e-con e-parent\" data-id=\"e9c33f0\" data-element_type=\"container\" data-settings=\"{&quot;background_background&quot;:&quot;classic&quot;}\">\n\t\t\t\t\t<div class=\"e-con-inner\">\n\t\t<div class=\"elementor-element elementor-element-fe842ba e-con-full e-flex e-con e-child\" data-id=\"fe842ba\" data-element_type=\"container\">\n\t\t<div class=\"elementor-element elementor-element-087c677 e-con-full e-flex e-con e-child\" data-id=\"087c677\" data-element_type=\"container\" data-settings=\"{&quot;background_background&quot;:&quot;classic&quot;}\">\n\t\t\t\t<div class=\"elementor-element elementor-element-2d33e9b elementor-widget elementor-widget-text-editor\" data-id=\"2d33e9b\" data-element_type=\"widget\" data-widget_type=\"text-editor.default\">\n\t\t\t\t<div class=\"elementor-widget-container\">\n\t\t\t\t\t\t\t\t\t<p>\u00a0En RDC, o\u00f9 la population est jeune, connect\u00e9e et avide de nouveaut\u00e9s, ces outils sont devenus incontournables pour toute marque qui souhaite gagner en visibilit\u00e9, fid\u00e9liser sa client\u00e8le et booster ses ventes.<\/p>\t\t\t\t\t\t\t\t<\/div>\n\t\t\t\t<\/div>\n\t\t\t\t<\/div>\n\t\t<div class=\"elementor-element elementor-element-ae9d993 e-con-full e-flex e-con e-child\" data-id=\"ae9d993\" data-element_type=\"container\" data-settings=\"{&quot;background_background&quot;:&quot;classic&quot;}\">\n\t\t\t\t<div class=\"elementor-element elementor-element-a3a02ed elementor-widget elementor-widget-text-editor\" data-id=\"a3a02ed\" data-element_type=\"widget\" data-widget_type=\"text-editor.default\">\n\t\t\t\t<div class=\"elementor-widget-container\">\n\t\t\t\t\t\t\t\t\t<p>Le marketing digital, va bien au-del\u00e0 de la simple publication sur les r\u00e9seaux sociaux. \u00a0.<\/p>\t\t\t\t\t\t\t\t<\/div>\n\t\t\t\t<\/div>\n\t\t\t\t<\/div>\n\t\t\t\t<\/div>\n\t\t<div class=\"elementor-element elementor-element-7814fd0 e-con-full e-flex e-con e-child\" data-id=\"7814fd0\" data-element_type=\"container\">\n\t\t<div class=\"elementor-element elementor-element-5d629e6 e-con-full e-flex e-con e-child\" data-id=\"5d629e6\" data-element_type=\"container\" data-settings=\"{&quot;background_background&quot;:&quot;classic&quot;}\">\n\t\t\t\t<div class=\"elementor-element elementor-element-ac2e197 elementor-widget elementor-widget-text-editor\" data-id=\"ac2e197\" data-element_type=\"widget\" data-widget_type=\"text-editor.default\">\n\t\t\t\t<div class=\"elementor-widget-container\">\n\t\t\t\t\t\t\t\t\t<p>Chez Congo pub service, nous croyons que le digital \u00a0c&rsquo;est une opportunit\u00e9 unique pour les PME de se positionner, de raconter leur histoire et de faire rayonner leurs produits \u00a0<\/p>\t\t\t\t\t\t\t\t<\/div>\n\t\t\t\t<\/div>\n\t\t\t\t<\/div>\n\t\t\t\t<\/div>\n\t\t\t\t\t<\/div>\n\t\t\t\t<\/div>\n\t\t<div class=\"elementor-element elementor-element-25d965f e-flex e-con-boxed e-con e-parent\" data-id=\"25d965f\" data-element_type=\"container\" data-settings=\"{&quot;background_background&quot;:&quot;classic&quot;}\">\n\t\t\t\t\t<div class=\"e-con-inner\">\n\t\t<div class=\"elementor-element elementor-element-fdaf8cb e-con-full e-flex elementor-invisible e-con e-child\" data-id=\"fdaf8cb\" data-element_type=\"container\" data-settings=\"{&quot;background_background&quot;:&quot;classic&quot;,&quot;animation&quot;:&quot;fadeInLeft&quot;}\">\n\t\t\t\t<div class=\"elementor-element elementor-element-090b9cc elementor-widget elementor-widget-heading\" data-id=\"090b9cc\" data-element_type=\"widget\" data-widget_type=\"heading.default\">\n\t\t\t\t<div class=\"elementor-widget-container\">\n\t\t\t\t\t<h2 class=\"elementor-heading-title elementor-size-default\">Les r\u00e9seaux sociaux: la nouvelle vitrine des marques congolaises<\/h2>\t\t\t\t<\/div>\n\t\t\t\t<\/div>\n\t\t\t\t<div class=\"elementor-element elementor-element-98c2489 elementor-widget elementor-widget-text-editor\" data-id=\"98c2489\" data-element_type=\"widget\" data-widget_type=\"text-editor.default\">\n\t\t\t\t<div class=\"elementor-widget-container\">\n\t\t\t\t\t\t\t\t\t<p>Les congolais passent plusieurs heures par jour sur Facebook, Instagram, TikTok ou WhatsApp. Ces plateformes ne sont plus seulement des espaces de divertissement, mais de v\u00e9ritables outils de communication et de vente.<\/p><p>\u00a0<\/p>\t\t\t\t\t\t\t\t<\/div>\n\t\t\t\t<\/div>\n\t\t\t\t<\/div>\n\t\t<div class=\"elementor-element elementor-element-d8389fc e-con-full e-flex e-con e-child\" data-id=\"d8389fc\" data-element_type=\"container\">\n\t\t\t\t<\/div>\n\t\t\t\t\t<\/div>\n\t\t\t\t<\/div>\n\t\t<div class=\"elementor-element elementor-element-a5defff e-flex e-con-boxed e-con e-parent\" data-id=\"a5defff\" data-element_type=\"container\" data-settings=\"{&quot;background_background&quot;:&quot;classic&quot;}\">\n\t\t\t\t\t<div class=\"e-con-inner\">\n\t\t\t\t<div class=\"elementor-element elementor-element-5adf953 elementor-widget elementor-widget-heading\" data-id=\"5adf953\" data-element_type=\"widget\" data-widget_type=\"heading.default\">\n\t\t\t\t<div class=\"elementor-widget-container\">\n\t\t\t\t\t<h4 class=\"elementor-heading-title elementor-size-default\">Nous voulons inspirer, \u00e9duquer et accompagner les entrepreneurs \u00e0 faire du digital un levier de d\u00e9veloppement \u00e9conomique.<\/h4>\t\t\t\t<\/div>\n\t\t\t\t<\/div>\n\t\t\t\t\t<\/div>\n\t\t\t\t<\/div>\n\t\t<div class=\"elementor-element elementor-element-5320836 e-flex e-con-boxed e-con e-parent\" data-id=\"5320836\" data-element_type=\"container\" data-settings=\"{&quot;background_background&quot;:&quot;classic&quot;}\">\n\t\t\t\t\t<div class=\"e-con-inner\">\n\t\t<div class=\"elementor-element elementor-element-242d6c7 e-con-full e-flex e-con e-child\" data-id=\"242d6c7\" data-element_type=\"container\" data-settings=\"{&quot;background_background&quot;:&quot;classic&quot;}\">\n\t\t\t\t<div class=\"elementor-element elementor-element-855c9ed elementor-widget elementor-widget-heading\" data-id=\"855c9ed\" data-element_type=\"widget\" data-widget_type=\"heading.default\">\n\t\t\t\t<div class=\"elementor-widget-container\">\n\t\t\t\t\t<h2 class=\"elementor-heading-title elementor-size-default\">Ensemble, construisons des marques qui inspirent<\/h2>\t\t\t\t<\/div>\n\t\t\t\t<\/div>\n\t\t\t\t<div class=\"elementor-element elementor-element-c9be996 elementor-widget elementor-widget-text-editor\" data-id=\"c9be996\" data-element_type=\"widget\" data-widget_type=\"text-editor.default\">\n\t\t\t\t<div class=\"elementor-widget-container\">\n\t\t\t\t\t\t\t\t\t<p>Le marketing digital n&rsquo;est pas une tendance: c&rsquo;est une r\u00e9volution durable. Les entreprises qui s&rsquo;y engagent aujourd&rsquo;hui seront celles qui domineront demain. Chez Congo pub service, nous croyons que le \u00ab\u00a0Made in Congo\u00a0\u00bb m\u00e9rite d&rsquo;\u00eatre vu, reconnu et valoris\u00e9 \u00e0 travers le digital.<\/p>\t\t\t\t\t\t\t\t<\/div>\n\t\t\t\t<\/div>\n\t\t\t\t<\/div>\n\t\t\t\t\t<\/div>\n\t\t\t\t<\/div>\n\t\t<div class=\"elementor-element elementor-element-f7ac8dd e-flex e-con-boxed e-con e-parent\" data-id=\"f7ac8dd\" data-element_type=\"container\">\n\t\t\t\t\t<div class=\"e-con-inner\">\n\t\t\t\t<div class=\"elementor-element elementor-element-d82974a elementor-widget elementor-widget-heading\" data-id=\"d82974a\" data-element_type=\"widget\" data-widget_type=\"heading.default\">\n\t\t\t\t<div class=\"elementor-widget-container\">\n\t\t\t\t\t<h1 class=\"elementor-heading-title elementor-size-default\">Faisons du num\u00e9rique un l\u00e9vier de croissance pour les marques congolaises<\/h1>\t\t\t\t<\/div>\n\t\t\t\t<\/div>\n\t\t\t\t\t<\/div>\n\t\t\t\t<\/div>\n\t\t<div class=\"elementor-element elementor-element-5110033 e-flex e-con-boxed e-con e-parent\" data-id=\"5110033\" data-element_type=\"container\" data-settings=\"{&quot;background_background&quot;:&quot;classic&quot;}\">\n\t\t\t\t\t<div class=\"e-con-inner\">\n\t\t\t\t<div class=\"elementor-element elementor-element-f622284 elementor-widget elementor-widget-text-editor\" data-id=\"f622284\" data-element_type=\"widget\" data-widget_type=\"text-editor.default\">\n\t\t\t\t<div class=\"elementor-widget-container\">\n\t\t\t\t\t\t\t\t\t<p>Vous \u00eates une entreprise ou une marque congolaise qui souhaite am\u00e9liorer sa visibilit\u00e9, attirer de nouveaux clients et renforcer son image en ligne?<\/p><p>Ne restez pas invisible dans le monde digital.<\/p><p>Contactez Congo pub service d\u00e8s aujourd&rsquo;hui pour une strat\u00e9gie digitale sur mesure adapt\u00e9e \u00e0 vos besoins et \u00e0 votre budget.<\/p>\t\t\t\t\t\t\t\t<\/div>\n\t\t\t\t<\/div>\n\t\t\t\t<div class=\"elementor-element elementor-element-476b428 elementor-icon-list--layout-traditional elementor-list-item-link-full_width elementor-widget elementor-widget-icon-list\" data-id=\"476b428\" data-element_type=\"widget\" data-widget_type=\"icon-list.default\">\n\t\t\t\t<div class=\"elementor-widget-container\">\n\t\t\t\t\t\t\t<ul class=\"elementor-icon-list-items\">\n\t\t\t\t\t\t\t<li class=\"elementor-icon-list-item\">\n\t\t\t\t\t\t\t\t\t\t\t<span class=\"elementor-icon-list-icon\">\n\t\t\t\t\t\t\t<svg aria-hidden=\"true\" class=\"e-font-icon-svg e-fas-envelope\" viewBox=\"0 0 512 512\" xmlns=\"http:\/\/www.w3.org\/2000\/svg\"><path d=\"M502.3 190.8c3.9-3.1 9.7-.2 9.7 4.7V400c0 26.5-21.5 48-48 48H48c-26.5 0-48-21.5-48-48V195.6c0-5 5.7-7.8 9.7-4.7 22.4 17.4 52.1 39.5 154.1 113.6 21.1 15.4 56.7 47.8 92.2 47.6 35.7.3 72-32.8 92.3-47.6 102-74.1 131.6-96.3 154-113.7zM256 320c23.2.4 56.6-29.2 73.4-41.4 132.7-96.3 142.8-104.7 173.4-128.7 5.8-4.5 9.2-11.5 9.2-18.9v-19c0-26.5-21.5-48-48-48H48C21.5 64 0 85.5 0 112v19c0 7.4 3.4 14.3 9.2 18.9 30.6 23.9 40.7 32.4 173.4 128.7 16.8 12.2 50.2 41.8 73.4 41.4z\"><\/path><\/svg>\t\t\t\t\t\t<\/span>\n\t\t\t\t\t\t\t\t\t\t<span class=\"elementor-icon-list-text\">E-mail: congopub@congopubservice.com<\/span>\n\t\t\t\t\t\t\t\t\t<\/li>\n\t\t\t\t\t\t\t\t<li class=\"elementor-icon-list-item\">\n\t\t\t\t\t\t\t\t\t\t\t<span class=\"elementor-icon-list-icon\">\n\t\t\t\t\t\t\t<svg aria-hidden=\"true\" class=\"e-font-icon-svg e-fas-phone-alt\" viewBox=\"0 0 512 512\" xmlns=\"http:\/\/www.w3.org\/2000\/svg\"><path d=\"M497.39 361.8l-112-48a24 24 0 0 0-28 6.9l-49.6 60.6A370.66 370.66 0 0 1 130.6 204.11l60.6-49.6a23.94 23.94 0 0 0 6.9-28l-48-112A24.16 24.16 0 0 0 122.6.61l-104 24A24 24 0 0 0 0 48c0 256.5 207.9 464 464 464a24 24 0 0 0 23.4-18.6l24-104a24.29 24.29 0 0 0-14.01-27.6z\"><\/path><\/svg>\t\t\t\t\t\t<\/span>\n\t\t\t\t\t\t\t\t\t\t<span class=\"elementor-icon-list-text\">T\u00e9l: +243 81 35 62 72<\/span>\n\t\t\t\t\t\t\t\t\t<\/li>\n\t\t\t\t\t\t\t\t<li class=\"elementor-icon-list-item\">\n\t\t\t\t\t\t\t\t\t\t\t<a href=\"https:\/\/web.facebook.com\/profile.php?id=61579789588127\">\n\n\t\t\t\t\t\t\t\t\t\t\t\t<span class=\"elementor-icon-list-icon\">\n\t\t\t\t\t\t\t<svg aria-hidden=\"true\" class=\"e-font-icon-svg e-fab-facebook-f\" viewBox=\"0 0 320 512\" xmlns=\"http:\/\/www.w3.org\/2000\/svg\"><path d=\"M279.14 288l14.22-92.66h-88.91v-60.13c0-25.35 12.42-50.06 52.24-50.06h40.42V6.26S260.43 0 225.36 0c-73.22 0-121.08 44.38-121.08 124.72v70.62H22.89V288h81.39v224h100.17V288z\"><\/path><\/svg>\t\t\t\t\t\t<\/span>\n\t\t\t\t\t\t\t\t\t\t<span class=\"elementor-icon-list-text\">Congo pub service<\/span>\n\t\t\t\t\t\t\t\t\t\t\t<\/a>\n\t\t\t\t\t\t\t\t\t<\/li>\n\t\t\t\t\t\t<\/ul>\n\t\t\t\t\t\t<\/div>\n\t\t\t\t<\/div>\n\t\t\t\t\t<\/div>\n\t\t\t\t<\/div>\n\t\t\t\t<\/div>\n\t\t","protected":false},"excerpt":{"rendered":"<p>Le marketing digital et les r\u00e9seaux sociaux: des leviers essentiels pour les marques congolaise \u00a0En RDC, o\u00f9 la population est jeune, connect\u00e9e et avide de nouveaut\u00e9s, ces outils sont devenus incontournables pour toute marque qui souhaite gagner en visibilit\u00e9, fid\u00e9liser sa client\u00e8le et booster ses ventes. Le marketing digital, va bien au-del\u00e0 de la simple&#8230;<\/p>\n","protected":false},"author":1,"featured_media":0,"parent":0,"menu_order":0,"comment_status":"closed","ping_status":"closed","template":"","meta":{"content-type":"","_kad_post_transparent":"","_kad_post_title":"hide","_kad_post_layout":"fullwidth","_kad_post_sidebar_id":"","_kad_post_content_style":"unboxed","_kad_post_vertical_padding":"hide","_kad_post_feature":"hide","_kad_post_feature_position":"","_kad_post_header":false,"_kad_post_footer":false,"footnotes":""},"class_list":["post-493","page","type-page","status-publish","hentry"],"yoast_head":"<!-- This site is optimized with the Yoast SEO plugin v26.2 - https:\/\/yoast.com\/wordpress\/plugins\/seo\/ -->\n<title>Marketing digital et r\u00e9seaux sociaux - Congo pub service<\/title>\n<meta name=\"robots\" content=\"index, follow, max-snippet:-1, max-image-preview:large, max-video-preview:-1\" \/>\n<link rel=\"canonical\" href=\"https:\/\/congopubservice.com\/index.php\/marketing-digital-et-reseaux-sociaux\/\" \/>\n<meta property=\"og:locale\" content=\"fr_FR\" \/>\n<meta property=\"og:type\" content=\"article\" \/>\n<meta property=\"og:title\" content=\"Marketing digital et r\u00e9seaux sociaux - Congo pub service\" \/>\n<meta property=\"og:description\" content=\"Le marketing digital et les r\u00e9seaux sociaux: des leviers essentiels pour les marques congolaise \u00a0En RDC, o\u00f9 la population est jeune, connect\u00e9e et avide de nouveaut\u00e9s, ces outils sont devenus incontournables pour toute marque qui souhaite gagner en visibilit\u00e9, fid\u00e9liser sa client\u00e8le et booster ses ventes. Le marketing digital, va bien au-del\u00e0 de la simple...\" \/>\n<meta property=\"og:url\" content=\"https:\/\/congopubservice.com\/index.php\/marketing-digital-et-reseaux-sociaux\/\" \/>\n<meta property=\"og:site_name\" content=\"Congo pub service\" \/>\n<meta property=\"article:publisher\" content=\"https:\/\/web.facebook.com\/profile.php?id=61579789588127\" \/>\n<meta property=\"article:modified_time\" content=\"2025-11-12T14:27:56+00:00\" \/>\n<meta property=\"og:image\" content=\"https:\/\/congopubservice.com\/wp-content\/uploads\/2025\/06\/a-cps-logo-mod.png\" \/>\n\t<meta property=\"og:image:width\" content=\"612\" \/>\n\t<meta property=\"og:image:height\" content=\"792\" \/>\n\t<meta property=\"og:image:type\" content=\"image\/png\" \/>\n<meta name=\"twitter:card\" content=\"summary_large_image\" \/>\n<meta name=\"twitter:label1\" content=\"Dur\u00e9e de lecture estim\u00e9e\" \/>\n\t<meta name=\"twitter:data1\" content=\"2 minutes\" \/>\n<script type=\"application\/ld+json\" class=\"yoast-schema-graph\">{\"@context\":\"https:\/\/schema.org\",\"@graph\":[{\"@type\":\"WebPage\",\"@id\":\"https:\/\/congopubservice.com\/index.php\/marketing-digital-et-reseaux-sociaux\/\",\"url\":\"https:\/\/congopubservice.com\/index.php\/marketing-digital-et-reseaux-sociaux\/\",\"name\":\"Marketing digital et r\u00e9seaux sociaux - Congo pub service\",\"isPartOf\":{\"@id\":\"https:\/\/congopubservice.com\/#website\"},\"datePublished\":\"2025-10-27T21:07:01+00:00\",\"dateModified\":\"2025-11-12T14:27:56+00:00\",\"breadcrumb\":{\"@id\":\"https:\/\/congopubservice.com\/index.php\/marketing-digital-et-reseaux-sociaux\/#breadcrumb\"},\"inLanguage\":\"fr-FR\",\"potentialAction\":[{\"@type\":\"ReadAction\",\"target\":[\"https:\/\/congopubservice.com\/index.php\/marketing-digital-et-reseaux-sociaux\/\"]}]},{\"@type\":\"BreadcrumbList\",\"@id\":\"https:\/\/congopubservice.com\/index.php\/marketing-digital-et-reseaux-sociaux\/#breadcrumb\",\"itemListElement\":[{\"@type\":\"ListItem\",\"position\":1,\"name\":\"Accueil\",\"item\":\"https:\/\/congopubservice.com\/\"},{\"@type\":\"ListItem\",\"position\":2,\"name\":\"Marketing digital et r\u00e9seaux sociaux\"}]},{\"@type\":\"WebSite\",\"@id\":\"https:\/\/congopubservice.com\/#website\",\"url\":\"https:\/\/congopubservice.com\/\",\"name\":\"Congo pub service\",\"description\":\"&quot;plus qu&#039;une agence, un levier de croissance&quot;\",\"publisher\":{\"@id\":\"https:\/\/congopubservice.com\/#organization\"},\"potentialAction\":[{\"@type\":\"SearchAction\",\"target\":{\"@type\":\"EntryPoint\",\"urlTemplate\":\"https:\/\/congopubservice.com\/?s={search_term_string}\"},\"query-input\":{\"@type\":\"PropertyValueSpecification\",\"valueRequired\":true,\"valueName\":\"search_term_string\"}}],\"inLanguage\":\"fr-FR\"},{\"@type\":\"Organization\",\"@id\":\"https:\/\/congopubservice.com\/#organization\",\"name\":\"Congo pub service\",\"url\":\"https:\/\/congopubservice.com\/\",\"logo\":{\"@type\":\"ImageObject\",\"inLanguage\":\"fr-FR\",\"@id\":\"https:\/\/congopubservice.com\/#\/schema\/logo\/image\/\",\"url\":\"https:\/\/congopubservice.com\/wp-content\/uploads\/2025\/06\/a-cps-logo-mod.png\",\"contentUrl\":\"https:\/\/congopubservice.com\/wp-content\/uploads\/2025\/06\/a-cps-logo-mod.png\",\"width\":612,\"height\":792,\"caption\":\"Congo pub service\"},\"image\":{\"@id\":\"https:\/\/congopubservice.com\/#\/schema\/logo\/image\/\"},\"sameAs\":[\"https:\/\/web.facebook.com\/profile.php?id=61579789588127\",\"https:\/\/www.linkedin.com\/feed\/\"]}]}<\/script>\n<!-- \/ Yoast SEO plugin. -->","yoast_head_json":{"title":"Marketing digital et r\u00e9seaux sociaux - Congo pub service","robots":{"index":"index","follow":"follow","max-snippet":"max-snippet:-1","max-image-preview":"max-image-preview:large","max-video-preview":"max-video-preview:-1"},"canonical":"https:\/\/congopubservice.com\/index.php\/marketing-digital-et-reseaux-sociaux\/","og_locale":"fr_FR","og_type":"article","og_title":"Marketing digital et r\u00e9seaux sociaux - Congo pub service","og_description":"Le marketing digital et les r\u00e9seaux sociaux: des leviers essentiels pour les marques congolaise \u00a0En RDC, o\u00f9 la population est jeune, connect\u00e9e et avide de nouveaut\u00e9s, ces outils sont devenus incontournables pour toute marque qui souhaite gagner en visibilit\u00e9, fid\u00e9liser sa client\u00e8le et booster ses ventes. Le marketing digital, va bien au-del\u00e0 de la simple...","og_url":"https:\/\/congopubservice.com\/index.php\/marketing-digital-et-reseaux-sociaux\/","og_site_name":"Congo pub service","article_publisher":"https:\/\/web.facebook.com\/profile.php?id=61579789588127","article_modified_time":"2025-11-12T14:27:56+00:00","og_image":[{"width":612,"height":792,"url":"https:\/\/congopubservice.com\/wp-content\/uploads\/2025\/06\/a-cps-logo-mod.png","type":"image\/png"}],"twitter_card":"summary_large_image","twitter_misc":{"Dur\u00e9e de lecture estim\u00e9e":"2 minutes"},"schema":{"@context":"https:\/\/schema.org","@graph":[{"@type":"WebPage","@id":"https:\/\/congopubservice.com\/index.php\/marketing-digital-et-reseaux-sociaux\/","url":"https:\/\/congopubservice.com\/index.php\/marketing-digital-et-reseaux-sociaux\/","name":"Marketing digital et r\u00e9seaux sociaux - Congo pub service","isPartOf":{"@id":"https:\/\/congopubservice.com\/#website"},"datePublished":"2025-10-27T21:07:01+00:00","dateModified":"2025-11-12T14:27:56+00:00","breadcrumb":{"@id":"https:\/\/congopubservice.com\/index.php\/marketing-digital-et-reseaux-sociaux\/#breadcrumb"},"inLanguage":"fr-FR","potentialAction":[{"@type":"ReadAction","target":["https:\/\/congopubservice.com\/index.php\/marketing-digital-et-reseaux-sociaux\/"]}]},{"@type":"BreadcrumbList","@id":"https:\/\/congopubservice.com\/index.php\/marketing-digital-et-reseaux-sociaux\/#breadcrumb","itemListElement":[{"@type":"ListItem","position":1,"name":"Accueil","item":"https:\/\/congopubservice.com\/"},{"@type":"ListItem","position":2,"name":"Marketing digital et r\u00e9seaux sociaux"}]},{"@type":"WebSite","@id":"https:\/\/congopubservice.com\/#website","url":"https:\/\/congopubservice.com\/","name":"Congo pub service","description":"&quot;plus qu&#039;une agence, un levier de croissance&quot;","publisher":{"@id":"https:\/\/congopubservice.com\/#organization"},"potentialAction":[{"@type":"SearchAction","target":{"@type":"EntryPoint","urlTemplate":"https:\/\/congopubservice.com\/?s={search_term_string}"},"query-input":{"@type":"PropertyValueSpecification","valueRequired":true,"valueName":"search_term_string"}}],"inLanguage":"fr-FR"},{"@type":"Organization","@id":"https:\/\/congopubservice.com\/#organization","name":"Congo pub service","url":"https:\/\/congopubservice.com\/","logo":{"@type":"ImageObject","inLanguage":"fr-FR","@id":"https:\/\/congopubservice.com\/#\/schema\/logo\/image\/","url":"https:\/\/congopubservice.com\/wp-content\/uploads\/2025\/06\/a-cps-logo-mod.png","contentUrl":"https:\/\/congopubservice.com\/wp-content\/uploads\/2025\/06\/a-cps-logo-mod.png","width":612,"height":792,"caption":"Congo pub service"},"image":{"@id":"https:\/\/congopubservice.com\/#\/schema\/logo\/image\/"},"sameAs":["https:\/\/web.facebook.com\/profile.php?id=61579789588127","https:\/\/www.linkedin.com\/feed\/"]}]}},"_links":{"self":[{"href":"https:\/\/congopubservice.com\/index.php\/wp-json\/wp\/v2\/pages\/493","targetHints":{"allow":["GET"]}}],"collection":[{"href":"https:\/\/congopubservice.com\/index.php\/wp-json\/wp\/v2\/pages"}],"about":[{"href":"https:\/\/congopubservice.com\/index.php\/wp-json\/wp\/v2\/types\/page"}],"author":[{"embeddable":true,"href":"https:\/\/congopubservice.com\/index.php\/wp-json\/wp\/v2\/users\/1"}],"replies":[{"embeddable":true,"href":"https:\/\/congopubservice.com\/index.php\/wp-json\/wp\/v2\/comments?post=493"}],"version-history":[{"count":43,"href":"https:\/\/congopubservice.com\/index.php\/wp-json\/wp\/v2\/pages\/493\/revisions"}],"predecessor-version":[{"id":831,"href":"https:\/\/congopubservice.com\/index.php\/wp-json\/wp\/v2\/pages\/493\/revisions\/831"}],"wp:attachment":[{"href":"https:\/\/congopubservice.com\/index.php\/wp-json\/wp\/v2\/media?parent=493"}],"curies":[{"name":"wp","href":"https:\/\/api.w.org\/{rel}","templated":true}]}}